{"id":19511,"date":"2025-04-20T09:04:28","date_gmt":"2025-04-20T09:04:28","guid":{"rendered":"https:\/\/www.yuyamobilya.com\/?post_type=product&#038;p=19511"},"modified":"2025-05-12T15:11:55","modified_gmt":"2025-05-12T15:11:55","slug":"mese-yemek-odasi-bohem-serisi","status":"publish","type":"product","link":"https:\/\/www.yuyamobilya.com\/de\/product\/mese-yemek-odasi-bohem-serisi\/","title":{"rendered":"Esszimmer aus Eiche (Bohemian-Serie)"},"content":{"rendered":"<h2 style=\"text-align: center;\">Produktbeschreibung<\/h2>\n<hr \/>\n<p>1 Konsole und Spiegel<\/p>\n<p>1 fester Esstisch<\/p>\n<p>Es besteht aus 4 stilvollen Holzst\u00fchlen.<\/p>\n<p>Sie k\u00f6nnen die TV-Einheit extern hinzuf\u00fcgen.<\/p>\n<p>Unsere Produkte werden aus Materialien hergestellt, die den Qualit\u00e4tsstandards entsprechen.<\/p>\n<p>Eine \u00c4nderung der Stuhlstofffarbe ist m\u00f6glich.<\/p>\n<p>\u00dcr\u00fcnlerimiz %100\u00a0<strong>aus MDF\u00a0<\/strong>aus Material gefertigt.<\/p>\n<p>Sie k\u00f6nnen unsere Produkte auch einzeln erwerben.<\/p>\n<p>Sie k\u00f6nnen die Produkte ganz einfach mit einem feuchten Tuch reinigen.<\/p>\n<h3 style=\"text-align: center;\">PRODUKTABMESSUNGEN<\/h3>\n<div>\n<hr \/>\n<table border=\"0\" cellspacing=\"10px\" cellpadding=\"10px\">\n<tbody>\n<tr>\n<td><strong>Produkte<\/strong><\/td>\n<td><strong>Breite<\/strong><\/td>\n<td><strong>Tiefe<\/strong><\/td>\n<td><strong>H\u00f6he<\/strong><\/td>\n<\/tr>\n<tr>\n<td>Konsole<\/td>\n<td>180 cm<\/td>\n<td>41,5 cm<\/td>\n<td>56 cm<\/td>\n<\/tr>\n<tr>\n<td>Konsolenspiegel<\/td>\n<td>\u2013 cm<\/td>\n<td>\u2013 cm<\/td>\n<td>\u2013 cm<\/td>\n<\/tr>\n<tr>\n<td>Esstisch<\/td>\n<td>190 cm<\/td>\n<td>90 cm<\/td>\n<td>75 cm<\/td>\n<\/tr>\n<tr>\n<td>TV-Ger\u00e4t<\/td>\n<td>180 cm<\/td>\n<td>41,5 cm<\/td>\n<td>85 cm<\/td>\n<\/tr>\n<\/tbody>\n<\/table>\n<\/div>","protected":false},"excerpt":{"rendered":"<p>\u00dcr\u00fcn A\u00e7\u0131klamas\u0131 1adet konsol ve aynas\u0131 1 adet sabit yemek masas\u0131 4 adet tarz ah\u015fap sandalyeden olu\u015fmaktad\u0131r. Tv \u00fcnitesini harici olarak ekleyebilirsiniz. \u00dcr\u00fcnlerimiz kalite standartlar\u0131na uygun malzemeden \u00fcretilmi\u015ftir. Sandalye kuma\u015f renk de\u011fi\u015fikli\u011fi mevcuttur. \u00dcr\u00fcnlerimiz %100\u00a0MDF\u00a0malzemeden \u00fcretilmi\u015ftir. \u00dcr\u00fcnlerimizi tekil olarak sat\u0131n alabilirsiniz. \u00dcr\u00fcnleri nemli bir bez ile kolayl\u0131kla temizleyebilirsiniz. \u00dcR\u00dcN \u00d6L\u00c7\u00dcLER\u0130 \u00dcr\u00fcnler Geni\u015flik Derinlik Y\u00fckseklik Konsol [&hellip;]<\/p>","protected":false},"featured_media":19619,"comment_status":"open","ping_status":"closed","template":"","meta":[],"product_brand":[],"product_cat":[150,135],"product_tag":[],"class_list":{"0":"post-19511","1":"product","2":"type-product","3":"status-publish","4":"has-post-thumbnail","6":"product_cat-genel","7":"product_cat-yemek-odasi","9":"first","10":"instock","11":"sale","12":"shipping-taxable","13":"purchasable","14":"product-type-simple"},"_links":{"self":[{"href":"https:\/\/www.yuyamobilya.com\/de\/wp-json\/wp\/v2\/product\/19511","targetHints":{"allow":["GET"]}}],"collection":[{"href":"https:\/\/www.yuyamobilya.com\/de\/wp-json\/wp\/v2\/product"}],"about":[{"href":"https:\/\/www.yuyamobilya.com\/de\/wp-json\/wp\/v2\/types\/product"}],"replies":[{"embeddable":true,"href":"https:\/\/www.yuyamobilya.com\/de\/wp-json\/wp\/v2\/comments?post=19511"}],"wp:featuredmedia":[{"embeddable":true,"href":"https:\/\/www.yuyamobilya.com\/de\/wp-json\/wp\/v2\/media\/19619"}],"wp:attachment":[{"href":"https:\/\/www.yuyamobilya.com\/de\/wp-json\/wp\/v2\/media?parent=19511"}],"wp:term":[{"taxonomy":"product_brand","embeddable":true,"href":"https:\/\/www.yuyamobilya.com\/de\/wp-json\/wp\/v2\/product_brand?post=19511"},{"taxonomy":"product_cat","embeddable":true,"href":"https:\/\/www.yuyamobilya.com\/de\/wp-json\/wp\/v2\/product_cat?post=19511"},{"taxonomy":"product_tag","embeddable":true,"href":"https:\/\/www.yuyamobilya.com\/de\/wp-json\/wp\/v2\/product_tag?post=19511"}],"curies":[{"name":"wp","href":"https:\/\/api.w.org\/{rel}","templated":true}]}}