{"id":19382,"date":"2025-04-20T08:49:32","date_gmt":"2025-04-20T08:49:32","guid":{"rendered":"https:\/\/www.yuyamobilya.com\/?post_type=product&#038;p=19382"},"modified":"2025-05-12T14:30:34","modified_gmt":"2025-05-12T14:30:34","slug":"simena-yatak-odasi","status":"publish","type":"product","link":"https:\/\/www.yuyamobilya.com\/de\/product\/simena-yatak-odasi\/","title":{"rendered":"Simena Schlafzimmer"},"content":{"rendered":"<h2 style=\"text-align: center;\">Simena Schlafzimmer<\/h2>\n<p>6-t\u00fcriger Kleiderschrank<\/p>\n<p>1 Kommode und Spiegel<\/p>\n<p>Es besteht aus 2 Nachttischen und einem Kopfteil.<\/p>\n<p>Es werden Qualit\u00e4tsmaterialien verwendet, die dem E1-Standard entsprechen.<\/p>\n<p>Sie k\u00f6nnen unsere Produkte mit einem feuchten Tuch reinigen.<\/p>\n<p>Es verf\u00fcgt \u00fcber ein gro\u00dfes Innenvolumen.<\/p>\n<p>Hergestellt aus MDF-Material.<\/p>\n<p>&nbsp;<\/p>\n<h2 style=\"text-align: center;\">PRODUKTABMESSUNGEN<\/h2>\n<div>\n<hr \/>\n<table border=\"0\" cellspacing=\"10px\" cellpadding=\"10px\">\n<tbody>\n<tr>\n<td><strong>Produkte<\/strong><\/td>\n<td><strong>Breite<\/strong><\/td>\n<td><strong>Tiefe<\/strong><\/td>\n<td><strong>H\u00f6he<\/strong><\/td>\n<\/tr>\n<tr>\n<td>6-t\u00fcriger Schrank<\/td>\n<td>242 cm<\/td>\n<td>57 cm<\/td>\n<td>218 cm<\/td>\n<\/tr>\n<tr>\n<td>Kommode &amp; Spiegel<\/td>\n<td>120 cm<\/td>\n<td>41 cm<\/td>\n<td>85 cm<\/td>\n<\/tr>\n<tr>\n<td>Kommode<\/td>\n<td>58 cm<\/td>\n<td>43 cm<\/td>\n<td>53 cm<\/td>\n<\/tr>\n<tr>\n<td>Bettgestell (mit Untergestell)<\/td>\n<td>160 cm<\/td>\n<td>200 cm<\/td>\n<td>40 cm<\/td>\n<\/tr>\n<tr>\n<td>Titel<\/td>\n<td>172 cm<\/td>\n<td>\u2013 cm<\/td>\n<td>130 cm<\/td>\n<\/tr>\n<\/tbody>\n<\/table>\n<\/div>","protected":false},"excerpt":{"rendered":"<p data-start=\"0\" data-end=\"51\"><strong data-start=\"0\" data-end=\"51\">Simena Yatak Odas\u0131 Tak\u0131m\u0131 &#8211; Yeni Akdeniz Serisi<\/strong><\/p>\n<p data-start=\"53\" data-end=\"308\">Simena Yatak Odas\u0131 Tak\u0131m\u0131, Yeni Akdeniz serisinin zarif ve modern \u00e7izgilerini yans\u0131tan, \u015f\u0131kl\u0131\u011f\u0131 ve fonksiyonelli\u011fi bir araya getiren bir \u00fcr\u00fcnd\u00fcr. \u00dcr\u00fcn, y\u00fcksek kaliteli malzemelerle tasarlanm\u0131\u015f olup, her detay\u0131 ile g\u00f6z al\u0131c\u0131 bir yatak odas\u0131 deneyimi sunar.<\/p>\n<p data-start=\"310\" data-end=\"607\">Tak\u0131m, %100 MDF malzemeden \u00fcretilmi\u015f olup, dayan\u0131kl\u0131 ve uzun \u00f6m\u00fcrl\u00fc bir kullan\u0131m sa\u011flar. <strong data-start=\"399\" data-end=\"413\">Yatak baza<\/strong> ve <strong data-start=\"417\" data-end=\"427\">ba\u015fl\u0131k<\/strong> dahil olmak \u00fczere t\u00fcm par\u00e7alar, modern tasar\u0131mlar\u0131 ve kaliteli i\u015f\u00e7ilikleriyle dikkat \u00e7eker. \u00d6zellikle ba\u015fl\u0131k, yatak odas\u0131na \u015f\u0131kl\u0131k ve zarafet katarken, konforu da \u00f6n planda tutar.<\/p>\n<p data-start=\"609\" data-end=\"865\"><strong data-start=\"609\" data-end=\"650\">6 kapakl\u0131 \u00f6zel Membran dokumal\u0131 dolap<\/strong> ise geni\u015f i\u00e7 hacmi ve zarif tasar\u0131m\u0131yla, e\u015fyalar\u0131n\u0131z\u0131 d\u00fczenli bir \u015fekilde saklaman\u0131z\u0131 sa\u011flar. Y\u00fcksek kaliteli membran kaplama sayesinde dolap, hem estetik a\u00e7\u0131dan ho\u015f bir g\u00f6r\u00fcn\u00fcm sunar hem de uzun s\u00fcre dayan\u0131kl\u0131d\u0131r.<\/p>\n<p data-start=\"867\" data-end=\"1177\">Tak\u0131mda ayr\u0131ca iki <strong data-start=\"886\" data-end=\"897\">komodin<\/strong>, bir <strong data-start=\"903\" data-end=\"915\">\u015fifonyer<\/strong> ve <strong data-start=\"919\" data-end=\"927\">ayna<\/strong> de yer al\u0131r. Komodinler, gece lambas\u0131 ve ki\u015fisel e\u015fyalar\u0131n\u0131z\u0131 yerle\u015ftirmek i\u00e7in ideal bir \u00e7\u00f6z\u00fcm sunarken, \u015fifonyer ise geni\u015f \u00e7ekmeceleri ile kullan\u0131\u015fl\u0131l\u0131k sa\u011flar. \u015eifonyer aynas\u0131, odaya derinlik katarak g\u00f6rsel olarak mek\u00e2n\u0131 geni\u015fletir ve ayd\u0131nlat\u0131r.<\/p>\n<p data-start=\"1179\" data-end=\"1410\" data-is-last-node=\"\" data-is-only-node=\"\">Simena Yatak Odas\u0131 Tak\u0131m\u0131, estetik a\u00e7\u0131dan kusursuz bir tasar\u0131m\u0131n yan\u0131 s\u0131ra fonksiyonel \u00f6zellikleriyle de \u00f6ne \u00e7\u0131kar. Modern ya\u015fam\u0131n gereksinimlerini kar\u015f\u0131layarak, yatak odan\u0131z\u0131 hem \u015f\u0131k hem de kullan\u0131\u015fl\u0131 bir ya\u015fam alan\u0131na d\u00f6n\u00fc\u015ft\u00fcr\u00fcr.<\/p>","protected":false},"featured_media":19488,"comment_status":"open","ping_status":"closed","template":"","meta":[],"product_brand":[],"product_cat":[150,134],"product_tag":[],"class_list":{"0":"post-19382","1":"product","2":"type-product","3":"status-publish","4":"has-post-thumbnail","6":"product_cat-genel","7":"product_cat-yatak-odasi","9":"first","10":"instock","11":"sale","12":"shipping-taxable","13":"purchasable","14":"product-type-simple"},"_links":{"self":[{"href":"https:\/\/www.yuyamobilya.com\/de\/wp-json\/wp\/v2\/product\/19382","targetHints":{"allow":["GET"]}}],"collection":[{"href":"https:\/\/www.yuyamobilya.com\/de\/wp-json\/wp\/v2\/product"}],"about":[{"href":"https:\/\/www.yuyamobilya.com\/de\/wp-json\/wp\/v2\/types\/product"}],"replies":[{"embeddable":true,"href":"https:\/\/www.yuyamobilya.com\/de\/wp-json\/wp\/v2\/comments?post=19382"}],"wp:featuredmedia":[{"embeddable":true,"href":"https:\/\/www.yuyamobilya.com\/de\/wp-json\/wp\/v2\/media\/19488"}],"wp:attachment":[{"href":"https:\/\/www.yuyamobilya.com\/de\/wp-json\/wp\/v2\/media?parent=19382"}],"wp:term":[{"taxonomy":"product_brand","embeddable":true,"href":"https:\/\/www.yuyamobilya.com\/de\/wp-json\/wp\/v2\/product_brand?post=19382"},{"taxonomy":"product_cat","embeddable":true,"href":"https:\/\/www.yuyamobilya.com\/de\/wp-json\/wp\/v2\/product_cat?post=19382"},{"taxonomy":"product_tag","embeddable":true,"href":"https:\/\/www.yuyamobilya.com\/de\/wp-json\/wp\/v2\/product_tag?post=19382"}],"curies":[{"name":"wp","href":"https:\/\/api.w.org\/{rel}","templated":true}]}}