{"id":19975,"date":"2025-04-22T02:11:58","date_gmt":"2025-04-22T02:11:58","guid":{"rendered":"https:\/\/www.yuyamobilya.com\/?page_id=19975"},"modified":"2025-04-22T02:13:27","modified_gmt":"2025-04-22T02:13:27","slug":"hakkimizda","status":"publish","type":"page","link":"https:\/\/www.yuyamobilya.com\/de\/hakkimizda\/","title":{"rendered":"\u00dcber uns"},"content":{"rendered":"<h2 class=\"wp-block-heading\">Willkommen bei Yuya Furniture<\/h2><p>Unser Ziel ist es, Wohnr\u00e4ume zu schaffen, die Ihre Tr\u00e4ume wahr werden lassen!<br><strong>Yuya-M\u00f6bel<\/strong> Denn wir versch\u00f6nern nicht nur Ihr Zuhause, sondern sorgen auch f\u00fcr mehr Komfort, \u00c4sthetik und Ruhe in Ihrem Leben.<\/p><p>Unsere in Esenyurt, Istanbul, gegr\u00fcndete Marke hat mit ihren modernen, stilvollen und hochwertigen M\u00f6belkollektionen, die jeden Geschmack und jedes Bed\u00fcrfnis ansprechen, schnell das Vertrauen Tausender Kunden gewonnen.<br>F\u00fcr uns sind M\u00f6bel nicht nur Gegenst\u00e4nde, sie sind die Seele der Orte, an denen Ihre Erinnerungen wachsen und Sie sch\u00f6ne Momente mit Ihrer Familie erleben.<\/p><hr class=\"wp-block-separator has-alpha-channel-opacity\"\/><h2 class=\"wp-block-heading\">Unsere Geschichte<\/h2><p>Gegr\u00fcndet im Jahr 2020 mit \u00fcber 15 Jahren Branchenerfahrung und der Leidenschaft unserer Gr\u00fcnder f\u00fcr Kundenzufriedenheit <strong>Yuya-M\u00f6bel<\/strong>,<br>Das Ziel war, \u201elanglebige, \u00e4sthetische und erschwingliche M\u00f6bel herzustellen\u201c.<br>Heute steht f\u00fcr uns die Qualit\u00e4t in jedem Schritt an erster Stelle, vom Entwurf bis zur Produktion, vom Vertrieb bis zum Kundendienst.<\/p><p>Jedes unserer Produkte; wird durch sorgf\u00e4ltig ausgew\u00e4hlte Materialien, originelle Designs und sorgf\u00e4ltige Verarbeitung zum Leben erweckt.<\/p><hr class=\"wp-block-separator has-alpha-channel-opacity\"\/><h2 class=\"wp-block-heading\">Unsere Vision<\/h2><p><strong>Eine der zuverl\u00e4ssigsten und beliebtesten M\u00f6belmarken in der T\u00fcrkei und der Welt zu sein.<\/strong><br>Bei der Erneuerung Ihrer Wohnr\u00e4ume m\u00f6chten wir Ihnen nicht nur M\u00f6bel, sondern auch Gl\u00fcck und Ruhe bieten.<\/p><hr class=\"wp-block-separator has-alpha-channel-opacity\"\/><h2 class=\"wp-block-heading\">Unsere Mission<\/h2><ul class=\"wp-block-list\"><li>Bereitstellung hochwertiger, \u00e4sthetischer und funktionaler M\u00f6bell\u00f6sungen<\/li>\n\n<li>Kundenzufriedenheit steht \u00fcber allem<\/li>\n\n<li>Kontinuierliche Verbesserung durch innovativen Designansatz<\/li>\n\n<li>Arbeiten mit Produktionsprozessen, die Natur und Umwelt respektieren<\/li>\n\n<li>Um sicherzustellen, dass jeder Qualit\u00e4tsm\u00f6bel zu erschwinglichen Preisen hat.<\/li><\/ul><hr class=\"wp-block-separator has-alpha-channel-opacity\"\/><h2 class=\"wp-block-heading\">Unsere Werte<\/h2><ul class=\"wp-block-list\"><li><strong>Vertrauen:<\/strong> Wir kommunizieren in allen unseren Prozessen transparent und ehrlich.<\/li>\n\n<li><strong>Qualit\u00e4t:<\/strong> Wir verwenden f\u00fcr unsere Produkte Materialien und Verarbeitungsstandards h\u00f6chster Qualit\u00e4t.<\/li>\n\n<li><strong>Kundenfokus:<\/strong> Wir h\u00f6ren auf die Bed\u00fcrfnisse unserer Kunden und bieten die am besten geeigneten L\u00f6sungen.<\/li>\n\n<li><strong>\u00c4sthetisch:<\/strong> Neben der Funktionalit\u00e4t legen wir Wert auf Eleganz und Stil.<\/li>\n\n<li><strong>Nachhaltigkeit:<\/strong> Wir achten bei unseren Produktions- und Verpackungsprozessen auf den Schutz der Umwelt.<\/li><\/ul><hr class=\"wp-block-separator has-alpha-channel-opacity\"\/><h2 class=\"wp-block-heading\">Unser Produktsortiment<\/h2><p>Als Yuya Furniture bieten wir umfassende und einzigartige Optionen f\u00fcr Ihre Wohnr\u00e4ume:<\/p><ul class=\"wp-block-list\"><li><strong>Schlafzimmer-Sets<\/strong><\/li>\n\n<li><strong>Sitzgruppen<\/strong><\/li>\n\n<li><strong>Esszimmer-Sets<\/strong><\/li>\n\n<li><strong>TV-Ger\u00e4te und Konsolen<\/strong><\/li>\n\n<li><strong>Accessoires und Dekoartikel<\/strong><\/li>\n\n<li><strong>Individuelle M\u00f6beldesigns<\/strong><\/li><\/ul><p>Jede unserer Produktserien; vereint \u00c4sthetik, Komfort und Haltbarkeit.<\/p><hr class=\"wp-block-separator has-alpha-channel-opacity\"\/><h2 class=\"wp-block-heading\">Warum Yuya Furniture?<\/h2><ul class=\"wp-block-list\"><li>%100 MDF ve kaliteli do\u011fal malzeme kullan\u0131m\u0131<\/li>\n\n<li>Moderne und zeitlose Designs<\/li>\n\n<li>G\u00fcnstige Preise und Ratenzahlungsoptionen<\/li>\n\n<li>Sichere Lieferung in der gesamten T\u00fcrkei<\/li>\n\n<li>Professionelle Installation und After-Sales-Support<\/li>\n\n<li>Serviceansatz, der auf Kundenzufriedenheit ausgerichtet ist<\/li><\/ul><hr class=\"wp-block-separator has-alpha-channel-opacity\"\/><h2 class=\"wp-block-heading\">Kontaktieren Sie uns<\/h2><p>Wir sind f\u00fcr Sie da, um gemeinsam Ihren Wohntraum zu gestalten!<br>Wir sind nur einen Klick entfernt:<\/p><p>\ud83d\udcde <strong>Telefon:<\/strong> +90 531 262 36 40<br>\ud83d\udce7 <strong>E-Mail:<\/strong> <a class=\"\">info@yuyamobilya.com<\/a><br>\ud83d\udccd <strong>Adresse:<\/strong> Bezirk Guzelyurt, 2128. Stra\u00dfe Nr. 6J, Esenyurt \/ Istanbul, T\u00fcrkiye<\/p><hr class=\"wp-block-separator has-alpha-channel-opacity\"\/><h3 class=\"wp-block-heading\">Yuya M\u00f6bel \u2013 <strong>Wir bringen Ihre Tr\u00e4ume in Ihren Wohnraum.<\/strong><\/h3>","protected":false},"excerpt":{"rendered":"<p>Yuya Mobilya\u2019ya Ho\u015f Geldiniz Hayallerinizi ger\u00e7e\u011fe d\u00f6n\u00fc\u015ft\u00fcren ya\u015fam alanlar\u0131 i\u00e7in yola \u00e7\u0131kt\u0131k!Yuya Mobilya olarak, evlerinizi sadece g\u00fczelle\u015ftirmekle kalm\u0131yor, ya\u015fam\u0131n\u0131za konfor, estetik ve huzur kat\u0131yoruz. \u0130stanbul Esenyurt&#8217;ta do\u011fan markam\u0131z, her zevke ve ihtiyaca hitap eden modern, \u015f\u0131k ve kaliteli mobilya koleksiyonlar\u0131yla k\u0131sa s\u00fcrede binlerce m\u00fc\u015fterimizin g\u00fcvenini kazand\u0131.Bizim i\u00e7in mobilya sadece bir e\u015fya de\u011fil, an\u0131lar\u0131n\u0131z\u0131n b\u00fcy\u00fcd\u00fc\u011f\u00fc, ailenizle [&hellip;]<\/p>","protected":false},"author":1,"featured_media":0,"parent":0,"menu_order":0,"comment_status":"closed","ping_status":"closed","template":"","meta":{"footnotes":""},"class_list":["post-19975","page","type-page","status-publish","hentry"],"_links":{"self":[{"href":"https:\/\/www.yuyamobilya.com\/de\/wp-json\/wp\/v2\/pages\/19975","targetHints":{"allow":["GET"]}}],"collection":[{"href":"https:\/\/www.yuyamobilya.com\/de\/wp-json\/wp\/v2\/pages"}],"about":[{"href":"https:\/\/www.yuyamobilya.com\/de\/wp-json\/wp\/v2\/types\/page"}],"author":[{"embeddable":true,"href":"https:\/\/www.yuyamobilya.com\/de\/wp-json\/wp\/v2\/users\/1"}],"replies":[{"embeddable":true,"href":"https:\/\/www.yuyamobilya.com\/de\/wp-json\/wp\/v2\/comments?post=19975"}],"version-history":[{"count":1,"href":"https:\/\/www.yuyamobilya.com\/de\/wp-json\/wp\/v2\/pages\/19975\/revisions"}],"predecessor-version":[{"id":19976,"href":"https:\/\/www.yuyamobilya.com\/de\/wp-json\/wp\/v2\/pages\/19975\/revisions\/19976"}],"wp:attachment":[{"href":"https:\/\/www.yuyamobilya.com\/de\/wp-json\/wp\/v2\/media?parent=19975"}],"curies":[{"name":"wp","href":"https:\/\/api.w.org\/{rel}","templated":true}]}}