{"id":19970,"date":"2025-04-22T02:08:10","date_gmt":"2025-04-22T02:08:10","guid":{"rendered":"https:\/\/www.yuyamobilya.com\/?page_id=19970"},"modified":"2025-04-22T02:08:11","modified_gmt":"2025-04-22T02:08:11","slug":"gizlilik-politikasi","status":"publish","type":"page","link":"https:\/\/www.yuyamobilya.com\/de\/gizlilik-politikasi\/","title":{"rendered":"Datenschutzrichtlinie"},"content":{"rendered":"<p><strong>Yuya-M\u00f6bel<\/strong> Aspekt, <a class=\"\" href=\"https:\/\/www.yuyamobilya.com\/de\/\">www.yuyamobilya.com<\/a> Wir legen gro\u00dfen Wert auf die Vertraulichkeit der personenbezogenen Daten aller Benutzer, die unsere Website besuchen. Diese Datenschutzrichtlinie wurde erstellt, um Sie \u00fcber die Zwecke zu informieren, f\u00fcr die Ihre personenbezogenen Daten erhoben werden, sowie dar\u00fcber, wie diese verwendet und gesch\u00fctzt werden.<\/p><hr class=\"wp-block-separator has-alpha-channel-opacity\"\/><h2 class=\"wp-block-heading\">1. Erfasste Daten<\/h2><p>Wenn Sie unsere Website besuchen oder eine Mitgliedschaft\/Bestellung durchf\u00fchren, k\u00f6nnen die folgenden personenbezogenen Daten erfasst werden:<\/p><ul class=\"wp-block-list\"><li>Name, Nachname<\/li>\n\n<li>Adressinformationen<\/li>\n\n<li>Telefonnummer<\/li>\n\n<li>E-Mail-Adresse<\/li>\n\n<li>Zahlungsinformationen (Karteninformationen werden direkt von Banken verarbeitet und nicht gespeichert)<\/li>\n\n<li>IP-Adresse, Cookie-Daten und Nutzungsinformationen<\/li><\/ul><hr class=\"wp-block-separator has-alpha-channel-opacity\"\/><h2 class=\"wp-block-heading\">2. Zwecke der Nutzung personenbezogener Daten<\/h2><p>Ihre erhobenen personenbezogenen Daten werden f\u00fcr folgende Zwecke verwendet:<\/p><ul class=\"wp-block-list\"><li>Durchf\u00fchrung und Abwicklung von Bestellvorg\u00e4ngen<\/li>\n\n<li>Bereitstellung von Informationen \u00fcber Produkte und Dienstleistungen<\/li>\n\n<li>Bereitstellung von Kundensupportdiensten<\/li>\n\n<li>Durchf\u00fchrung von Kampagnen-, Werbe-, \u00d6ffentlichkeits- und Informationsaktivit\u00e4ten<\/li>\n\n<li>Erf\u00fcllung rechtlicher Verpflichtungen<\/li>\n\n<li>Analyse und Verbesserung der Nutzung unserer Website<\/li><\/ul><hr class=\"wp-block-separator has-alpha-channel-opacity\"\/><h2 class=\"wp-block-heading\">3. Datenschutz und Sicherheit<\/h2><p>Yuya Mobilya ergreift alle notwendigen technischen und administrativen Ma\u00dfnahmen, um die Sicherheit Ihrer personenbezogenen Daten zu gew\u00e4hrleisten.<\/p><ul class=\"wp-block-list\"><li>Unsere Datenbanken und Systeme werden in einer sicheren Umgebung gespeichert und sind vor unbefugtem Zugriff gesch\u00fctzt.<\/li>\n\n<li>Unsere Website ist durch SSL-Technologie (Secure Socket Layer) gesch\u00fctzt.<\/li><\/ul><hr class=\"wp-block-separator has-alpha-channel-opacity\"\/><h2 class=\"wp-block-heading\">4. Weitergabe personenbezogener Daten<\/h2><p>Ihre personenbezogenen Daten werden weder an Dritte verkauft, vermietet noch zu kommerziellen Zwecken genutzt. Jedoch:<\/p><ul class=\"wp-block-list\"><li>An beauftragte Frachtunternehmen zur Produktlieferung,<\/li>\n\n<li>An staatliche Institutionen und Organisationen im Rahmen gesetzlicher Verpflichtungen,<\/li>\n\n<li>An unsere relevanten Gesch\u00e4ftspartner (z. B. Zahlungsdienstleister)<br>Eine Daten\u00fcbermittlung kann im erforderlichen Umfang erfolgen.<\/li><\/ul><hr class=\"wp-block-separator has-alpha-channel-opacity\"\/><h2 class=\"wp-block-heading\">5. Verwendung von Cookies<\/h2><p>Auf unserer Website werden Cookies verwendet, um die Benutzererfahrung zu verbessern, die Website-Nutzung zu analysieren und Marketingaktivit\u00e4ten durchzuf\u00fchren.<br>Um detaillierte Informationen \u00fcber die Verwendung von Cookies zu erhalten <a class=\"\" href=\"#\">Unsere Cookie-Richtlinie<\/a> Sie k\u00f6nnen eine Bewertung abgeben.<\/p><hr class=\"wp-block-separator has-alpha-channel-opacity\"\/><h2 class=\"wp-block-heading\">6. Ihre Rechte<\/h2><p>Im Rahmen des Gesetzes zum Schutz personenbezogener Daten Nr. 6698 (KVKK);<\/p><ul class=\"wp-block-list\"><li>Um zu erfahren, ob Ihre personenbezogenen Daten verarbeitet werden,<\/li>\n\n<li>Auskunft \u00fcber Ihre Daten zu verlangen, sofern diese verarbeitet wurden,<\/li>\n\n<li>den Zweck der Verarbeitung und die zweckgem\u00e4\u00dfe Nutzung zu erfahren,<\/li>\n\n<li>Kenntnis der Drittparteien, an die Daten im In- und Ausland \u00fcbermittelt werden,<\/li>\n\n<li>Berichtigung unvollst\u00e4ndiger oder falsch verarbeiteter Daten verlangen,<\/li>\n\n<li>L\u00f6schung oder Vernichtung gem\u00e4\u00df KVKK beantragen,<\/li>\n\n<li>Aufforderung zur Meldung von Transaktionen an Dritte,<\/li>\n\n<li>Einspruch gegen die Entstehung eines Ergebnisses zum Nachteil der Person durch die Analyse der verarbeiteten Daten nur durch automatische Systeme einzulegen,<\/li>\n\n<li>Sie haben das Recht, bei Sch\u00e4den, die durch die unrechtm\u00e4\u00dfige Verarbeitung personenbezogener Daten entstehen, Schadensersatz zu verlangen.<\/li><\/ul><p>Um diese Rechte auszu\u00fcben, kontaktieren Sie uns bitte. <strong><a class=\"\">info@yuyamobilya.com<\/a><\/strong> Sie k\u00f6nnen uns per E-Mail kontaktieren.<\/p><hr class=\"wp-block-separator has-alpha-channel-opacity\"\/><h2 class=\"wp-block-heading\">7. \u00c4nderungen<\/h2><p>Yuya Mobilya beh\u00e4lt sich das Recht vor, diese Datenschutzrichtlinie jederzeit zu \u00e4ndern. Aktualisierungen treten in Kraft, sobald sie auf unserer Website ver\u00f6ffentlicht werden.<\/p><hr class=\"wp-block-separator has-alpha-channel-opacity\"\/><p><strong>Unsere Kontaktinformationen:<\/strong><br>Yuya-M\u00f6bel<br>\ud83d\udcde +90 531 262 36 40<br>\ud83d\udce7 <a class=\"\">info@yuyamobilya.com<\/a><br>\ud83d\udccd Guzelyurt Nachbarschaft, 2128. Stra\u00dfe Nr. 6J, Esenyurt \/ Istanbul, T\u00fcrkiye<\/p>","protected":false},"excerpt":{"rendered":"<p>Yuya Mobilya olarak, www.yuyamobilya.com web sitemizi ziyaret eden t\u00fcm kullan\u0131c\u0131lar\u0131n ki\u015fisel verilerinin gizlili\u011fine b\u00fcy\u00fck \u00f6nem veriyoruz. \u0130\u015fbu Gizlilik Politikas\u0131, ki\u015fisel verilerinizin hangi ama\u00e7larla topland\u0131\u011f\u0131, nas\u0131l kullan\u0131ld\u0131\u011f\u0131 ve korundu\u011fu hakk\u0131nda sizleri bilgilendirmek amac\u0131yla haz\u0131rlanm\u0131\u015ft\u0131r. 1. Toplanan Veriler Web sitemizi ziyaret etti\u011finizde veya \u00fcyelik\/sipari\u015f i\u015flemleri ger\u00e7ekle\u015ftirdi\u011finizde a\u015fa\u011f\u0131daki ki\u015fisel bilgiler toplanabilir: 2. Ki\u015fisel Verilerin Kullan\u0131m Ama\u00e7lar\u0131 Toplanan ki\u015fisel [&hellip;]<\/p>","protected":false},"author":1,"featured_media":0,"parent":0,"menu_order":0,"comment_status":"closed","ping_status":"closed","template":"","meta":{"footnotes":""},"class_list":["post-19970","page","type-page","status-publish","hentry"],"_links":{"self":[{"href":"https:\/\/www.yuyamobilya.com\/de\/wp-json\/wp\/v2\/pages\/19970","targetHints":{"allow":["GET"]}}],"collection":[{"href":"https:\/\/www.yuyamobilya.com\/de\/wp-json\/wp\/v2\/pages"}],"about":[{"href":"https:\/\/www.yuyamobilya.com\/de\/wp-json\/wp\/v2\/types\/page"}],"author":[{"embeddable":true,"href":"https:\/\/www.yuyamobilya.com\/de\/wp-json\/wp\/v2\/users\/1"}],"replies":[{"embeddable":true,"href":"https:\/\/www.yuyamobilya.com\/de\/wp-json\/wp\/v2\/comments?post=19970"}],"version-history":[{"count":1,"href":"https:\/\/www.yuyamobilya.com\/de\/wp-json\/wp\/v2\/pages\/19970\/revisions"}],"predecessor-version":[{"id":19972,"href":"https:\/\/www.yuyamobilya.com\/de\/wp-json\/wp\/v2\/pages\/19970\/revisions\/19972"}],"wp:attachment":[{"href":"https:\/\/www.yuyamobilya.com\/de\/wp-json\/wp\/v2\/media?parent=19970"}],"curies":[{"name":"wp","href":"https:\/\/api.w.org\/{rel}","templated":true}]}}