{"id":19969,"date":"2025-04-22T02:07:05","date_gmt":"2025-04-22T02:07:05","guid":{"rendered":"https:\/\/www.yuyamobilya.com\/?page_id=19969"},"modified":"2025-04-22T02:07:07","modified_gmt":"2025-04-22T02:07:07","slug":"mesafeli-satis-sozlesmesi","status":"publish","type":"page","link":"https:\/\/www.yuyamobilya.com\/de\/mesafeli-satis-sozlesmesi\/","title":{"rendered":"Fernabsatzvertrag"},"content":{"rendered":"<p><strong>Diese Vereinbarung<\/strong>, Informationen finden Sie unten <strong>Verk\u00e4ufer<\/strong> mit <strong>K\u00e4ufer<\/strong> Es wurde elektronisch gem\u00e4\u00df dem Verbraucherschutzgesetz Nr. 6502 und der Fernabsatzverordnung erstellt.<\/p><hr class=\"wp-block-separator has-alpha-channel-opacity\"\/><h2 class=\"wp-block-heading\">1. Parteien<\/h2><p><strong>Verk\u00e4ufer:<\/strong><\/p><ul class=\"wp-block-list\"><li>Titel: <strong>Yuya-M\u00f6bel<\/strong><\/li>\n\n<li>Adresse: Bezirk Guzelyurt, 2128. Stra\u00dfe Nr. 6J, Esenyurt \/ Istanbul, T\u00fcrkiye<\/li>\n\n<li>Telefon: +90 531 262 36 40<\/li>\n\n<li>E-Mail: <a class=\"\">info@yuyamobilya.com<\/a><\/li>\n\n<li>Webseite: <a class=\"\" href=\"https:\/\/www.yuyamobilya.com\/de\/\">www.yuyamobilya.com<\/a><\/li><\/ul><p><strong>K\u00e4ufer:<\/strong><\/p><ul class=\"wp-block-list\"><li>Name\/Nachname: [Vom Empf\u00e4nger einzutragen]<\/li>\n\n<li>Adresse: [Vom Empf\u00e4nger einzutragen]<\/li>\n\n<li>Telefon: [Vom K\u00e4ufer einzutragen]<\/li>\n\n<li>E-Mail: [Vom Empf\u00e4nger einzugeben]<\/li><\/ul><hr class=\"wp-block-separator has-alpha-channel-opacity\"\/><h2 class=\"wp-block-heading\">2. Vertragsgegenstand<\/h2><p>Gegenstand dieses Vertrages sind die <a class=\"\" href=\"https:\/\/www.yuyamobilya.com\/de\/\">www.yuyamobilya.com<\/a> Es legt die Rechte und Pflichten der Parteien in Bezug auf den Verkauf und die Lieferung des\/der elektronisch \u00fcber die Website bestellten Produkts\/Produkte fest.<\/p><hr class=\"wp-block-separator has-alpha-channel-opacity\"\/><h2 class=\"wp-block-heading\">3. Produktinformationen<\/h2><ul class=\"wp-block-list\"><li>Produkt(e): [In den Bestelldetails angegebenes(e) Produkt(e)]<\/li>\n\n<li>Menge: [Bestellmenge]<\/li>\n\n<li>Verkaufspreis: [Gesamtbetrag inklusive Produktpreis und Versand]<\/li>\n\n<li>Zahlungsmethode: [Kreditkarte \/ Zahlungsanweisung \/ EFT \/ Nachnahme usw.]<\/li>\n\n<li>Lieferadresse: [Vom K\u00e4ufer einzugeben]<\/li><\/ul><hr class=\"wp-block-separator has-alpha-channel-opacity\"\/><h2 class=\"wp-block-heading\">4. Lieferung und Lieferbedingungen<\/h2><ul class=\"wp-block-list\"><li>Die Ware wird an die vom K\u00e4ufer angegebene Lieferadresse versandt.<\/li>\n\n<li>Die Lieferzeit kann je nach Lagerbestand und Produkteigenschaften zwischen 3 und 30 Werktagen variieren.<\/li>\n\n<li>Die Produktlieferung erfolgt durch das beauftragte Frachtunternehmen oder das Team von Yuya Furniture.<\/li>\n\n<li>Sofern nicht anders angegeben, gehen die Lieferkosten zu Lasten des K\u00e4ufers.<\/li><\/ul><hr class=\"wp-block-separator has-alpha-channel-opacity\"\/><h2 class=\"wp-block-heading\">5. Widerrufsrecht<\/h2><ul class=\"wp-block-list\"><li>Der K\u00e4ufer ist f\u00fcr die Lieferung des Produkts verantwortlich <strong>14 Tage<\/strong> hat das Recht, ohne Angabe von Gr\u00fcnden und ohne Zahlung einer Vertragsstrafe vom Vertrag zur\u00fcckzutreten.<\/li>\n\n<li>Um das Widerrufsrecht auszu\u00fcben, muss die Mitteilung innerhalb dieser Frist schriftlich an den Verk\u00e4ufer erfolgen.<\/li>\n\n<li>Bei Aus\u00fcbung des Widerrufsrechts muss das Produkt vollst\u00e4ndig und unbesch\u00e4digt mit Originalverpackung, Zubeh\u00f6r und Rechnung zur\u00fcckgesandt werden.<\/li><\/ul><p><strong>Situationen, in denen das Widerrufsrecht nicht ausge\u00fcbt werden kann:<\/strong><\/p><ul class=\"wp-block-list\"><li>F\u00fcr Produkte, die nach Sonderw\u00fcnschen des K\u00e4ufers oder eindeutig seinen pers\u00f6nlichen Bed\u00fcrfnissen (individuelle Gr\u00f6\u00dfe, Farbe, Stoff usw.) hergestellt werden.<\/li>\n\n<li>Bei Produkten, die installiert, verwendet oder montiert wurden,<\/li>\n\n<li>F\u00fcr Produkte, die schnell verderben oder ablaufen k\u00f6nnen,<br>Das Widerrufsrecht kann nicht ausge\u00fcbt werden.<\/li><\/ul><hr class=\"wp-block-separator has-alpha-channel-opacity\"\/><h2 class=\"wp-block-heading\">6. R\u00fcckgabeprozess<\/h2><ul class=\"wp-block-list\"><li>Im Falle der Aus\u00fcbung des Widerrufsrechts, nach der Lieferung des Produkts an den Verk\u00e4ufer, <strong>14 Werktage<\/strong> Der Produktpreis wird dem K\u00e4ufer innerhalb erstattet.<\/li>\n\n<li>Die R\u00fcckzahlung erfolgt gem\u00e4\u00df der Zahlungsmethode des K\u00e4ufers.<\/li>\n\n<li>Die Versandkosten tr\u00e4gt grunds\u00e4tzlich der K\u00e4ufer, wenn er vom Widerrufsrecht Gebrauch macht.<\/li><\/ul><hr class=\"wp-block-separator has-alpha-channel-opacity\"\/><h2 class=\"wp-block-heading\">7. Produktm\u00e4ngel<\/h2><ul class=\"wp-block-list\"><li>Sollten bei der Lieferung des Produkts Sch\u00e4den, M\u00e4ngel oder Defekte festgestellt werden, muss der K\u00e4ufer vor Erhalt des Produkts einen Bericht vom Kurierdienst erstellen lassen.<\/li>\n\n<li>Sollten nach Erhalt der Ware Herstellungsfehler festgestellt werden, sind diese dem Verk\u00e4ufer sp\u00e4testens innerhalb von 7 Tagen schriftlich mitzuteilen.<\/li><\/ul><hr class=\"wp-block-separator has-alpha-channel-opacity\"\/><h2 class=\"wp-block-heading\">8. Datenschutz und personenbezogene Daten<\/h2><ul class=\"wp-block-list\"><li>Alle pers\u00f6nlichen Daten, die der K\u00e4ufer w\u00e4hrend der Mitgliedschaft und Bestellung angibt, <a class=\"\" href=\"#\">KVKK-Informationstext<\/a> Sie sind im Rahmen des Datenschutzes gesch\u00fctzt und werden nicht an Dritte weitergegeben.<\/li><\/ul><hr class=\"wp-block-separator has-alpha-channel-opacity\"\/><h2 class=\"wp-block-heading\">9. Streitbeilegung<\/h2><ul class=\"wp-block-list\"><li>Bei Streitigkeiten, die sich aus diesem Vertrag ergeben k\u00f6nnen, sind die Verbraucherschiedsgerichte oder Verbrauchergerichte am Wohnsitz des K\u00e4ufers innerhalb der vom Handelsministerium der Republik T\u00fcrkei festgelegten Geldgrenzen zust\u00e4ndig.<\/li><\/ul><hr class=\"wp-block-separator has-alpha-channel-opacity\"\/><h2 class=\"wp-block-heading\">10. Inkrafttreten<\/h2><ul class=\"wp-block-list\"><li>Mit der Aufgabe einer Bestellung \u00fcber yuyamobilya.com akzeptiert der K\u00e4ufer alle in diesem Fernabsatzvertrag festgelegten Bedingungen.<\/li><\/ul><hr class=\"wp-block-separator has-alpha-channel-opacity\"\/><p><strong>Kontaktinformationen des Verk\u00e4ufers:<\/strong><br>Yuya-M\u00f6bel<br>\ud83d\udcde +90 531 262 36 40<br>\ud83d\udce7 <a class=\"\">info@yuyamobilya.com<\/a><br>\ud83d\udccd Guzelyurt Nachbarschaft, 2128. Stra\u00dfe Nr. 6J, Esenyurt \/ Istanbul, T\u00fcrkiye<\/p>","protected":false},"excerpt":{"rendered":"<p>\u0130\u015fbu S\u00f6zle\u015fme, a\u015fa\u011f\u0131da bilgileri bulunan Sat\u0131c\u0131 ile Al\u0131c\u0131 aras\u0131nda, 6502 say\u0131l\u0131 T\u00fcketicinin Korunmas\u0131 Hakk\u0131nda Kanun ve Mesafeli S\u00f6zle\u015fmeler Y\u00f6netmeli\u011fi uyar\u0131nca elektronik ortamda kurulmu\u015ftur. 1. Taraflar Sat\u0131c\u0131: Al\u0131c\u0131: 2. S\u00f6zle\u015fmenin Konusu \u0130\u015fbu s\u00f6zle\u015fmenin konusu, Al\u0131c\u0131\u2019n\u0131n, Sat\u0131c\u0131\u2019ya ait www.yuyamobilya.com internet sitesi \u00fczerinden elektronik ortamda sipari\u015fini verdi\u011fi \u00fcr\u00fcn\/\u00fcr\u00fcnlerin sat\u0131\u015f\u0131 ve teslimine ili\u015fkin taraflar\u0131n hak ve y\u00fck\u00fcml\u00fcl\u00fcklerinin belirlenmesidir. 3. [&hellip;]<\/p>","protected":false},"author":1,"featured_media":0,"parent":0,"menu_order":0,"comment_status":"closed","ping_status":"closed","template":"","meta":{"footnotes":""},"class_list":["post-19969","page","type-page","status-publish","hentry"],"_links":{"self":[{"href":"https:\/\/www.yuyamobilya.com\/de\/wp-json\/wp\/v2\/pages\/19969","targetHints":{"allow":["GET"]}}],"collection":[{"href":"https:\/\/www.yuyamobilya.com\/de\/wp-json\/wp\/v2\/pages"}],"about":[{"href":"https:\/\/www.yuyamobilya.com\/de\/wp-json\/wp\/v2\/types\/page"}],"author":[{"embeddable":true,"href":"https:\/\/www.yuyamobilya.com\/de\/wp-json\/wp\/v2\/users\/1"}],"replies":[{"embeddable":true,"href":"https:\/\/www.yuyamobilya.com\/de\/wp-json\/wp\/v2\/comments?post=19969"}],"version-history":[{"count":1,"href":"https:\/\/www.yuyamobilya.com\/de\/wp-json\/wp\/v2\/pages\/19969\/revisions"}],"predecessor-version":[{"id":19971,"href":"https:\/\/www.yuyamobilya.com\/de\/wp-json\/wp\/v2\/pages\/19969\/revisions\/19971"}],"wp:attachment":[{"href":"https:\/\/www.yuyamobilya.com\/de\/wp-json\/wp\/v2\/media?parent=19969"}],"curies":[{"name":"wp","href":"https:\/\/api.w.org\/{rel}","templated":true}]}}