{"id":19967,"date":"2025-04-22T02:05:43","date_gmt":"2025-04-22T02:05:43","guid":{"rendered":"https:\/\/www.yuyamobilya.com\/?page_id=19967"},"modified":"2025-04-22T02:05:45","modified_gmt":"2025-04-22T02:05:45","slug":"uyelik-sozlesmesi","status":"publish","type":"page","link":"https:\/\/www.yuyamobilya.com\/de\/uyelik-sozlesmesi\/","title":{"rendered":"Mitgliedschaftsvereinbarung"},"content":{"rendered":"<p>Diese Mitgliedschaftsvereinbarung (\u201eVereinbarung\u201c) <strong>yuyamobilya.com<\/strong> Besucher der Website und Benutzer, die Mitglieder der Site sind (\u201eMitglieder\u201c)<br><strong>Yuya-M\u00f6bel<\/strong> (\u201eUnternehmen\u201c) wurde unter den folgenden Bedingungen vereinbart.<\/p><h2 class=\"wp-block-heading\">1. Parteien<\/h2><ul class=\"wp-block-list\"><li><strong>Firma:<\/strong><br>Titel: Yuya Furniture<br>Adresse: Bezirk Guzelyurt, 2128. Stra\u00dfe Nr. 6J, Esenyurt \/ Istanbul, T\u00fcrkiye<br>Telefon: +90 531 262 36 40<br>E-Mail: <a class=\"\">info@yuyamobilya.com<\/a><\/li>\n\n<li><strong>Mitglied:<\/strong><br>Die Person, die ihre Informationen durch Ausf\u00fcllen des Mitgliedschaftsformulars auf der Website weitergibt und deren Mitgliedschaft genehmigt wird.<\/li><\/ul><h2 class=\"wp-block-heading\">2. Mitgliedschaftsbedingungen<\/h2><ul class=\"wp-block-list\"><li>Um Mitglied zu werden, m\u00fcssen Sie mindestens 18 Jahre alt sein.<\/li>\n\n<li>Das Mitglied erkl\u00e4rt, dass die bereitgestellten Informationen richtig, vollst\u00e4ndig und aktuell sind. Die Verantwortung f\u00fcr die Bereitstellung falscher oder unvollst\u00e4ndiger Informationen liegt beim Mitglied.<\/li>\n\n<li>Das Mitglied ist pers\u00f6nlich f\u00fcr alle \u00fcber yuyamobilya.com get\u00e4tigten Transaktionen verantwortlich.<\/li><\/ul><h2 class=\"wp-block-heading\">3. Rechte und Pflichten des Mitglieds<\/h2><ul class=\"wp-block-list\"><li>Das Mitglied verpflichtet sich, bei der Nutzung der Site den gesetzlichen Bestimmungen, den guten Sitten und den allgemeinen Regeln entsprechend zu handeln.<\/li>\n\n<li>Mitglieder d\u00fcrfen sich nicht an Aktivit\u00e4ten beteiligen, die die Rechte anderer verletzen, falsche Informationen bereitstellen oder die Site missbrauchen.<\/li>\n\n<li>Das Mitglied ist f\u00fcr die Sicherheit seines Kontos verantwortlich. Das Mitglied ist f\u00fcr alle Folgen verantwortlich, die sich aus der Weitergabe des Passwortes an Dritte ergeben k\u00f6nnen.<\/li>\n\n<li>Das Mitglied ist f\u00fcr die Aktualisierung seiner Mitgliedsinformationen verantwortlich. F\u00fcr etwaige St\u00f6rungen, die sich aus der Aktualit\u00e4t der Informationen ergeben, kann das Unternehmen nicht verantwortlich gemacht werden.<\/li><\/ul><h2 class=\"wp-block-heading\">4. Rechte und Pflichten des Unternehmens<\/h2><ul class=\"wp-block-list\"><li>Das Unternehmen sammelt pers\u00f6nliche Informationen, die vom Mitglied bereitgestellt werden <a class=\"\" href=\"#\">KVKK-Richtlinie<\/a> behandelt sie vertraulich und gibt sie nicht an Dritte weiter.<\/li>\n\n<li>Das Unternehmen beh\u00e4lt sich das Recht vor, bei Bedarf einseitige \u00c4nderungen an der Mitgliedschaftsvereinbarung vorzunehmen. Die \u00c4nderungen treten an dem Tag in Kraft, an dem sie auf der Website ver\u00f6ffentlicht werden.<\/li>\n\n<li>Das Unternehmen beh\u00e4lt sich das Recht vor, die Inhalte und Dienste der Website jederzeit zu \u00e4ndern, auszusetzen oder zu beenden.<\/li><\/ul><h2 class=\"wp-block-heading\">5. Beendigung der Mitgliedschaft<\/h2><ul class=\"wp-block-list\"><li>Das Mitglied kann seine Mitgliedschaft jederzeit beenden, indem es \u00fcber die Website die K\u00fcndigung der Mitgliedschaft beantragt.<\/li>\n\n<li>Stellt das Unternehmen fest, dass das Mitglied gegen diese Vereinbarung oder die Site-Nutzungsregeln versto\u00dfen hat, ist es berechtigt, die Mitgliedschaft einseitig zu k\u00fcndigen.<\/li><\/ul><h2 class=\"wp-block-heading\">6. Geistige Eigentumsrechte<\/h2><ul class=\"wp-block-list\"><li>Alle Bilder, Inhalte, Marken und Designs auf yuyamobilya.com geh\u00f6ren Yuya Mobilya. Das Mitglied darf diese Inhalte nicht ohne Genehmigung kopieren, reproduzieren, ver\u00f6ffentlichen oder verteilen.<\/li><\/ul><h2 class=\"wp-block-heading\">7. Inkrafttreten des Abkommens<\/h2><ul class=\"wp-block-list\"><li>Das Mitglied akzeptiert diese Vereinbarung, indem es das Mitgliedschaftsformular auf der Website ausf\u00fcllt und das K\u00e4stchen \u201eIch habe die Mitgliedschaftsvereinbarung gelesen und akzeptiere sie\u201c ankreuzt.<\/li><\/ul><h2 class=\"wp-block-heading\">8. Streitbeilegung<\/h2><ul class=\"wp-block-list\"><li>F\u00fcr Streitigkeiten, die im Zusammenhang mit dieser Vereinbarung entstehen k\u00f6nnen, sind die Gerichte und Vollstreckungsbeh\u00f6rden von Istanbul (\u00c7a\u011flayan) zust\u00e4ndig.<\/li>\n\n<li>Die Parteien werden versuchen, Streitigkeiten vorwiegend durch Verhandlungen beizulegen.<\/li><\/ul><hr class=\"wp-block-separator has-alpha-channel-opacity\"\/><p><strong>Kontaktinformationen:<\/strong><br>Yuya-M\u00f6bel<br>\ud83d\udcde +90 531 262 36 40<br>\ud83d\udce7 <a class=\"\">info@yuyamobilya.com<\/a><br>\ud83d\udccd Guzelyurt Nachbarschaft, 2128. Stra\u00dfe Nr. 6J, Esenyurt \/ Istanbul, T\u00fcrkiye<\/p>","protected":false},"excerpt":{"rendered":"<p>Bu \u00dcyelik S\u00f6zle\u015fmesi (&#8220;S\u00f6zle\u015fme&#8221;), yuyamobilya.com web sitesini kullanan ziyaret\u00e7iler ve siteye \u00fcye olan kullan\u0131c\u0131lar (&#8220;\u00dcye&#8221;) ileYuya Mobilya (&#8220;Firma&#8221;) aras\u0131nda a\u015fa\u011f\u0131daki \u015fartlar ve ko\u015fullar dahilinde d\u00fczenlenmi\u015ftir. 1. Taraflar 2. \u00dcyelik Ko\u015fullar\u0131 3. \u00dcye&#8217;nin Hak ve Y\u00fck\u00fcml\u00fcl\u00fckleri 4. Firma&#8217;n\u0131n Hak ve Y\u00fck\u00fcml\u00fcl\u00fckleri 5. \u00dcyeli\u011fin Sona Ermesi 6. Fikri M\u00fclkiyet Haklar\u0131 7. S\u00f6zle\u015fmenin Y\u00fcr\u00fcrl\u00fc\u011fe Girmesi 8. Uyu\u015fmazl\u0131klar\u0131n \u00c7\u00f6z\u00fcm\u00fc [&hellip;]<\/p>","protected":false},"author":1,"featured_media":0,"parent":0,"menu_order":0,"comment_status":"closed","ping_status":"closed","template":"","meta":{"footnotes":""},"class_list":["post-19967","page","type-page","status-publish","hentry"],"_links":{"self":[{"href":"https:\/\/www.yuyamobilya.com\/de\/wp-json\/wp\/v2\/pages\/19967","targetHints":{"allow":["GET"]}}],"collection":[{"href":"https:\/\/www.yuyamobilya.com\/de\/wp-json\/wp\/v2\/pages"}],"about":[{"href":"https:\/\/www.yuyamobilya.com\/de\/wp-json\/wp\/v2\/types\/page"}],"author":[{"embeddable":true,"href":"https:\/\/www.yuyamobilya.com\/de\/wp-json\/wp\/v2\/users\/1"}],"replies":[{"embeddable":true,"href":"https:\/\/www.yuyamobilya.com\/de\/wp-json\/wp\/v2\/comments?post=19967"}],"version-history":[{"count":1,"href":"https:\/\/www.yuyamobilya.com\/de\/wp-json\/wp\/v2\/pages\/19967\/revisions"}],"predecessor-version":[{"id":19968,"href":"https:\/\/www.yuyamobilya.com\/de\/wp-json\/wp\/v2\/pages\/19967\/revisions\/19968"}],"wp:attachment":[{"href":"https:\/\/www.yuyamobilya.com\/de\/wp-json\/wp\/v2\/media?parent=19967"}],"curies":[{"name":"wp","href":"https:\/\/api.w.org\/{rel}","templated":true}]}}