{"id":19962,"date":"2025-04-22T02:02:32","date_gmt":"2025-04-22T02:02:32","guid":{"rendered":"https:\/\/www.yuyamobilya.com\/?page_id=19962"},"modified":"2025-04-22T02:02:33","modified_gmt":"2025-04-22T02:02:33","slug":"teslimat-kosullari","status":"publish","type":"page","link":"https:\/\/www.yuyamobilya.com\/de\/teslimat-kosullari\/","title":{"rendered":"Lieferbedingungen"},"content":{"rendered":"<p>Bei Yuya Furniture arbeiten wir sorgf\u00e4ltig daran, dass die von Ihnen gekauften Produkte Sie so schnell und sicher wie m\u00f6glich erreichen. Nachfolgend finden Sie zu Ihrer Information alle Details zu unseren Lieferprozessen.<\/p><h2 class=\"wp-block-heading\">Lieferzeit<\/h2><ul class=\"wp-block-list\"><li>Die Lieferzeit f\u00fcr gekaufte Produkte variiert je nach Lagerbestand und Produktionsprozess.<\/li>\n\n<li>Die Lieferzeit f\u00fcr vorr\u00e4tige Produkte betr\u00e4gt innerhalb Istanbuls 3\u20137 Werktage und au\u00dferhalb Istanbuls 7\u201315 Werktage.<\/li>\n\n<li>Bei Sonderanfertigungen oder Produkten mit personalisiertem Design kann die Lieferzeit je nach Produktmerkmalen zwischen 21 und 30 Werktagen variieren.<\/li><\/ul><h2 class=\"wp-block-heading\">Liefergebiete<\/h2><ul class=\"wp-block-list\"><li>Wir bieten einen Lieferservice in der gesamten T\u00fcrkei an.<\/li>\n\n<li>Lieferungen innerhalb Istanbuls werden direkt vom Yuya Mobilya-Team durchgef\u00fchrt.<\/li>\n\n<li>Lieferungen au\u00dferhalb Istanbuls erfolgen \u00fcber beauftragte Logistikunternehmen.<\/li><\/ul><h2 class=\"wp-block-heading\">Versandkosten<\/h2><ul class=\"wp-block-list\"><li>Unsere Lieferungen in bestimmte Gebiete innerhalb Istanbuls sind kostenlos.<\/li>\n\n<li>Bei Lieferungen au\u00dferhalb Istanbuls k\u00f6nnen die Versandkosten je nach Produktmenge und Lieferadresse variieren.<\/li>\n\n<li>Informationen zu Versandkosten und Details erhalten Sie vor Ihrer Bestellung von unserem Kundenbetreuer.<\/li><\/ul><h2 class=\"wp-block-heading\">Liefermethode<\/h2><ul class=\"wp-block-list\"><li>Die Anlieferung erfolgt vor dem Geb\u00e4ude.<\/li>\n\n<li>F\u00fcr unsere Kunden, die einen Installationsservice w\u00fcnschen, steht au\u00dferdem ein Installationsteam zur Verf\u00fcgung. Der Installationsservice kann separat in Rechnung gestellt werden.<\/li>\n\n<li>Bei Lieferungen in Geb\u00e4ude ohne Aufzug, mit engen Treppenh\u00e4usern oder in Hochh\u00e4user k\u00f6nnen zus\u00e4tzliche Transportleistungen erforderlich sein. Eventuell entstehende Mehrkosten gehen in diesem Fall zu Lasten des Kunden.<\/li><\/ul><h2 class=\"wp-block-heading\">Dinge, die bei der Lieferung zu beachten sind<\/h2><ul class=\"wp-block-list\"><li>Bei Erhalt der Ware ist die Verpackung zu pr\u00fcfen und im Falle etwaiger Besch\u00e4digungen oder M\u00e4ngel ist vom Zusteller ein Protokoll anzufertigen.<\/li>\n\n<li>Yuya Furniture \u00fcbernimmt keine Verantwortung f\u00fcr Sch\u00e4den, die durch die Ladung von Produkten entstehen k\u00f6nnen, die ohne Meldung geliefert wurden.<\/li><\/ul><h2 class=\"wp-block-heading\">R\u00fcckgabe- und Umtauschbedingungen<\/h2><ul class=\"wp-block-list\"><li>Wird nach der Lieferung ein Herstellungsfehler am Produkt festgestellt, ist uns dies innerhalb von 7 Werktagen mitzuteilen.<\/li>\n\n<li>Umtausch- oder R\u00fcckgabeprozesse k\u00f6nnen eingeleitet werden, sofern die Produkte unbenutzt, unbesch\u00e4digt und in der Originalverpackung sind.<\/li>\n\n<li>Bei R\u00fcckgabe- und Umtauschvorg\u00e4ngen k\u00f6nnen die Versandkosten vom Kunden getragen werden. F\u00fcr detaillierte Informationen <a class=\"\" href=\"#\">R\u00fcckgabe- und Umtauschbedingungen<\/a> Bitte sehen Sie sich unsere Seite an.<\/li><\/ul><hr class=\"wp-block-separator has-alpha-channel-opacity\"\/><p><strong>F\u00fcr Kontakt:<\/strong><br>\ud83d\udcde +90 531 262 36 40<br>\ud83d\udce7 <a class=\"\">info@yuyamobilya.com<\/a><br>\ud83d\udccd Guzelyurt Nachbarschaft, 2128. Stra\u00dfe Nr. 6J, Esenyurt \/ Istanbul, T\u00fcrkiye<\/p>","protected":false},"excerpt":{"rendered":"<p>Yuya Mobilya olarak, sat\u0131n ald\u0131\u011f\u0131n\u0131z \u00fcr\u00fcnlerin en k\u0131sa s\u00fcrede ve en g\u00fcvenli \u015fekilde sizlere ula\u015fmas\u0131 i\u00e7in titizlikle \u00e7al\u0131\u015f\u0131yoruz. Teslimat s\u00fcre\u00e7lerimize dair t\u00fcm detaylar a\u015fa\u011f\u0131da bilgilerinize sunulmu\u015ftur. Teslimat S\u00fcresi Teslimat B\u00f6lgeleri Teslimat \u00dccretleri Teslimat \u015eekli Teslimat An\u0131nda Dikkat Edilmesi Gerekenler \u0130ade ve De\u011fi\u015fim Ko\u015fullar\u0131 \u0130leti\u015fim i\u00e7in:&#x1f4de; +90 531 262 36 40&#x1f4e7; info@yuyamobilya.com&#x1f4cd; G\u00fczelyurt Mahallesi, 2128. Sokak [&hellip;]<\/p>","protected":false},"author":1,"featured_media":0,"parent":0,"menu_order":0,"comment_status":"closed","ping_status":"closed","template":"","meta":{"footnotes":""},"class_list":["post-19962","page","type-page","status-publish","hentry"],"_links":{"self":[{"href":"https:\/\/www.yuyamobilya.com\/de\/wp-json\/wp\/v2\/pages\/19962","targetHints":{"allow":["GET"]}}],"collection":[{"href":"https:\/\/www.yuyamobilya.com\/de\/wp-json\/wp\/v2\/pages"}],"about":[{"href":"https:\/\/www.yuyamobilya.com\/de\/wp-json\/wp\/v2\/types\/page"}],"author":[{"embeddable":true,"href":"https:\/\/www.yuyamobilya.com\/de\/wp-json\/wp\/v2\/users\/1"}],"replies":[{"embeddable":true,"href":"https:\/\/www.yuyamobilya.com\/de\/wp-json\/wp\/v2\/comments?post=19962"}],"version-history":[{"count":1,"href":"https:\/\/www.yuyamobilya.com\/de\/wp-json\/wp\/v2\/pages\/19962\/revisions"}],"predecessor-version":[{"id":19964,"href":"https:\/\/www.yuyamobilya.com\/de\/wp-json\/wp\/v2\/pages\/19962\/revisions\/19964"}],"wp:attachment":[{"href":"https:\/\/www.yuyamobilya.com\/de\/wp-json\/wp\/v2\/media?parent=19962"}],"curies":[{"name":"wp","href":"https:\/\/api.w.org\/{rel}","templated":true}]}}