{"id":20446,"date":"2025-05-13T15:32:25","date_gmt":"2025-05-13T15:32:25","guid":{"rendered":"https:\/\/www.yuyamobilya.com\/?post_type=product&#038;p=20446"},"modified":"2025-05-13T15:32:25","modified_gmt":"2025-05-13T15:32:25","slug":"kemer-yemek-odasi-2","status":"publish","type":"product","link":"https:\/\/www.yuyamobilya.com\/ar\/product\/kemer-yemek-odasi-2\/","title":{"rendered":"\u063a\u0631\u0641\u0629 \u0637\u0639\u0627\u0645 \u0645\u0642\u0648\u0633\u0629"},"content":{"rendered":"<h2 style=\"text-align: center;\">\u0648\u0635\u0641 \u0627\u0644\u0645\u0646\u062a\u062c<\/h2>\n<hr \/>\n<p>1 \u0648\u062d\u062f\u0629 \u062a\u062d\u0643\u0645 \u0648\u0645\u0631\u0622\u0629<\/p>\n<p>1 \u0637\u0627\u0648\u0644\u0629 \u0637\u0639\u0627\u0645 \u062b\u0627\u0628\u062a\u0629<\/p>\n<p>\u062a\u062a\u0643\u0648\u0646 \u0645\u0646 4 \u0643\u0631\u0627\u0633\u064a \u062e\u0634\u0628\u064a\u0629 \u0623\u0646\u064a\u0642\u0629.<\/p>\n<p>\u064a\u0645\u0643\u0646\u0643 \u0625\u0636\u0627\u0641\u0629 \u0648\u062d\u062f\u0629 \u0627\u0644\u062a\u0644\u0641\u0632\u064a\u0648\u0646 \u062e\u0627\u0631\u062c\u064a\u064b\u0627.<\/p>\n<p>\u0645\u0646\u062a\u062c\u0627\u062a\u0646\u0627 \u0645\u0635\u0646\u0648\u0639\u0629 \u0645\u0646 \u0645\u0648\u0627\u062f \u0645\u0637\u0627\u0628\u0642\u0629 \u0644\u0645\u0639\u0627\u064a\u064a\u0631 \u0627\u0644\u062c\u0648\u062f\u0629.<\/p>\n<p>\u062a\u063a\u064a\u064a\u0631 \u0644\u0648\u0646 \u0642\u0645\u0627\u0634 \u0627\u0644\u0643\u0631\u0633\u064a \u0645\u062a\u0627\u062d.<\/p>\n<p>\u00dcr\u00fcnlerimiz %100\u00a0<strong>\u0623\u0644\u0648\u0627\u062d MDF\u00a0<\/strong>\u0645\u0635\u0646\u0648\u0639\u0629 \u0645\u0646 \u0645\u0627\u062f\u0629.<\/p>\n<p>\u064a\u0645\u0643\u0646\u0643 \u0634\u0631\u0627\u0621 \u0645\u0646\u062a\u062c\u0627\u062a\u0646\u0627 \u0628\u0634\u0643\u0644 \u0641\u0631\u062f\u064a.<\/p>\n<p>\u064a\u0645\u0643\u0646\u0643 \u062a\u0646\u0638\u064a\u0641 \u0627\u0644\u0645\u0646\u062a\u062c\u0627\u062a \u0628\u0633\u0647\u0648\u0644\u0629 \u0628\u0627\u0633\u062a\u062e\u062f\u0627\u0645 \u0642\u0637\u0639\u0629 \u0642\u0645\u0627\u0634 \u0645\u0628\u0644\u0644\u0629.<\/p>\n<h3 style=\"text-align: center;\">\u0623\u0628\u0639\u0627\u062f \u0627\u0644\u0645\u0646\u062a\u062c<\/h3>\n<div>\n<hr \/>\n<table style=\"height: 299px;\" border=\"0\" width=\"1359\" cellspacing=\"10px\" cellpadding=\"10px\">\n<tbody>\n<tr>\n<td><strong>\u0645\u0646\u062a\u062c\u0627\u062a<\/strong><\/td>\n<td><strong>\u0639\u0631\u0636<\/strong><\/td>\n<td><strong>\u0639\u0645\u0642<\/strong><\/td>\n<td><strong>\u0627\u0631\u062a\u0641\u0627\u0639<\/strong><\/td>\n<\/tr>\n<tr>\n<td>\u0648\u062d\u062f\u0629 \u0627\u0644\u062a\u062d\u0643\u0645<\/td>\n<td>180 \u0633\u0645<\/td>\n<td>44 \u0633\u0645<\/td>\n<td>77 \u0633\u0645<\/td>\n<\/tr>\n<tr>\n<td>\u0645\u0631\u0622\u0629 \u0648\u062d\u062f\u0629 \u0627\u0644\u062a\u062d\u0643\u0645<\/td>\n<td>\u2013 \u0633\u0645<\/td>\n<td>\u2013 \u0633\u0645<\/td>\n<td>\u2013 \u0633\u0645<\/td>\n<\/tr>\n<tr>\n<td>\u0637\u0627\u0648\u0644\u0629 \u0637\u0639\u0627\u0645<\/td>\n<td>140+35 \u0633\u0645<\/td>\n<td>90 \u0633\u0645<\/td>\n<td>74 \u0633\u0645<\/td>\n<\/tr>\n<tr>\n<td>\u0648\u062d\u062f\u0629 \u062a\u0644\u0641\u0632\u064a\u0648\u0646<\/td>\n<td>180 \u0633\u0645<\/td>\n<td>44 \u0633\u0645<\/td>\n<td>60 \u0633\u0645<\/td>\n<\/tr>\n<\/tbody>\n<\/table>\n<\/div>","protected":false},"excerpt":{"rendered":"<p>\u00dcr\u00fcn A\u00e7\u0131klamas\u0131 1adet konsol ve aynas\u0131 1 adet sabit yemek masas\u0131 4 adet tarz ah\u015fap sandalyeden olu\u015fmaktad\u0131r. Tv \u00fcnitesini harici olarak ekleyebilirsiniz. \u00dcr\u00fcnlerimiz kalite standartlar\u0131na uygun malzemeden \u00fcretilmi\u015ftir. Sandalye kuma\u015f renk de\u011fi\u015fikli\u011fi mevcuttur. \u00dcr\u00fcnlerimiz %100\u00a0MDF\u00a0malzemeden \u00fcretilmi\u015ftir. \u00dcr\u00fcnlerimizi tekil olarak sat\u0131n alabilirsiniz. \u00dcr\u00fcnleri nemli bir bez ile kolayl\u0131kla temizleyebilirsiniz. \u00dcR\u00dcN \u00d6L\u00c7\u00dcLER\u0130 \u00dcr\u00fcnler Geni\u015flik Derinlik Y\u00fckseklik Konsol [&hellip;]<\/p>","protected":false},"featured_media":20470,"comment_status":"open","ping_status":"closed","template":"","meta":[],"product_brand":[],"product_cat":[135],"product_tag":[],"class_list":{"0":"post-20446","1":"product","2":"type-product","3":"status-publish","4":"has-post-thumbnail","6":"product_cat-yemek-odasi","8":"first","9":"instock","10":"sale","11":"shipping-taxable","12":"purchasable","13":"product-type-simple"},"_links":{"self":[{"href":"https:\/\/www.yuyamobilya.com\/ar\/wp-json\/wp\/v2\/product\/20446","targetHints":{"allow":["GET"]}}],"collection":[{"href":"https:\/\/www.yuyamobilya.com\/ar\/wp-json\/wp\/v2\/product"}],"about":[{"href":"https:\/\/www.yuyamobilya.com\/ar\/wp-json\/wp\/v2\/types\/product"}],"replies":[{"embeddable":true,"href":"https:\/\/www.yuyamobilya.com\/ar\/wp-json\/wp\/v2\/comments?post=20446"}],"wp:featuredmedia":[{"embeddable":true,"href":"https:\/\/www.yuyamobilya.com\/ar\/wp-json\/wp\/v2\/media\/20470"}],"wp:attachment":[{"href":"https:\/\/www.yuyamobilya.com\/ar\/wp-json\/wp\/v2\/media?parent=20446"}],"wp:term":[{"taxonomy":"product_brand","embeddable":true,"href":"https:\/\/www.yuyamobilya.com\/ar\/wp-json\/wp\/v2\/product_brand?post=20446"},{"taxonomy":"product_cat","embeddable":true,"href":"https:\/\/www.yuyamobilya.com\/ar\/wp-json\/wp\/v2\/product_cat?post=20446"},{"taxonomy":"product_tag","embeddable":true,"href":"https:\/\/www.yuyamobilya.com\/ar\/wp-json\/wp\/v2\/product_tag?post=20446"}],"curies":[{"name":"wp","href":"https:\/\/api.w.org\/{rel}","templated":true}]}}