{"id":20285,"date":"2025-05-13T14:41:04","date_gmt":"2025-05-13T14:41:04","guid":{"rendered":"https:\/\/www.yuyamobilya.com\/?post_type=product&#038;p=20285"},"modified":"2025-07-04T14:56:57","modified_gmt":"2025-07-04T14:56:57","slug":"anamur-yatak-odasi","status":"publish","type":"product","link":"https:\/\/www.yuyamobilya.com\/ar\/product\/anamur-yatak-odasi\/","title":{"rendered":"\u063a\u0631\u0641\u0629 \u0646\u0648\u0645 \u0623\u0646\u0627\u0645\u0648\u0631"},"content":{"rendered":"<h2 style=\"text-align: center;\">\u0648\u0635\u0641 \u0627\u0644\u0645\u0646\u062a\u062c<\/h2>\n<p>\u062e\u0632\u0627\u0646\u0629 \u0645\u0644\u0627\u0628\u0633 \u0628\u0633\u062a\u0629 \u0623\u0628\u0648\u0627\u0628<\/p>\n<p>1 \u062e\u0632\u0627\u0646\u0629 \u0648\u0645\u0631\u0622\u0629<\/p>\n<p>\u064a\u062a\u0643\u0648\u0646 \u0645\u0646 \u0637\u0627\u0648\u0644\u062a\u064a\u0646 \u0628\u062c\u0627\u0646\u0628 \u0627\u0644\u0633\u0631\u064a\u0631 \u0648\u0644\u0648\u062d \u0623\u0645\u0627\u0645\u064a.<\/p>\n<p>1 \u063a\u0637\u0627\u0621 \u0644\u0644\u0631\u0623\u0633<\/p>\n<p>\u064a\u062a\u0645 \u0627\u0633\u062a\u062e\u062f\u0627\u0645 \u0645\u0648\u0627\u062f \u0630\u0627\u062a \u062c\u0648\u062f\u0629 \u062a\u062a\u0648\u0627\u0641\u0642 \u0645\u0639 \u0645\u0639\u0627\u064a\u064a\u0631 E1.<\/p>\n<p>\u064a\u0645\u0643\u0646\u0643 \u062a\u0646\u0638\u064a\u0641 \u0645\u0646\u062a\u062c\u0627\u062a\u0646\u0627 \u0628\u0642\u0637\u0639\u0629 \u0642\u0645\u0627\u0634 \u0645\u0628\u0644\u0644\u0629.<\/p>\n<p>\u064a\u062d\u062a\u0648\u064a \u0639\u0644\u0649 \u062d\u062c\u0645 \u062f\u0627\u062e\u0644\u064a \u0643\u0628\u064a\u0631.<\/p>\n<p>\u0645\u0635\u0646\u0648\u0639\u0629 \u0645\u0646 \u0645\u0627\u062f\u0629 MDF.<\/p>\n<p>&nbsp;<\/p>\n<h2 style=\"text-align: center;\">\u0623\u0628\u0639\u0627\u062f \u0627\u0644\u0645\u0646\u062a\u062c<\/h2>\n<div>\n<hr \/>\n<table style=\"height: 395px;\" border=\"0\" width=\"1355\" cellspacing=\"10px\" cellpadding=\"10px\">\n<tbody>\n<tr>\n<td><strong>\u0645\u0646\u062a\u062c\u0627\u062a<\/strong><\/td>\n<td><strong>\u0639\u0631\u0636<\/strong><\/td>\n<td><strong>\u0639\u0645\u0642<\/strong><\/td>\n<td><strong>\u0627\u0631\u062a\u0641\u0627\u0639<\/strong><\/td>\n<\/tr>\n<tr>\n<td>\u062e\u0632\u0627\u0646\u0629 \u0628\u0633\u062a\u0629 \u0623\u0628\u0648\u0627\u0628<\/td>\n<td>242 \u0633\u0645<\/td>\n<td>57 \u0633\u0645<\/td>\n<td>218 \u0633\u0645<\/td>\n<\/tr>\n<tr>\n<td>\u062e\u0632\u0627\u0646\u0629 \u0648\u0645\u0631\u0622\u0629<\/td>\n<td>122 \u0633\u0645<\/td>\n<td>43 \u0633\u0645<\/td>\n<td>85 \u0633\u0645<\/td>\n<\/tr>\n<tr>\n<td>\u0635\u0648\u0627\u0646<\/td>\n<td>58 \u0633\u0645<\/td>\n<td>43 \u0633\u0645<\/td>\n<td>53 \u0633\u0645<\/td>\n<\/tr>\n<tr>\n<td>\u0633\u0631\u064a\u0631 (\u0645\u0639 \u0642\u0627\u0639\u062f\u0629)<\/td>\n<td>\u2013 \u0633\u0645<\/td>\n<td>\u2013 \u0633\u0645<\/td>\n<td>\u2013 \u0633\u0645<\/td>\n<\/tr>\n<tr>\n<td>\u0639\u0646\u0648\u0627\u0646<\/td>\n<td>172 \u0633\u0645<\/td>\n<td>\u2013 \u0633\u0645<\/td>\n<td>130 \u0633\u0645<\/td>\n<\/tr>\n<\/tbody>\n<\/table>\n<\/div>","protected":false},"excerpt":{"rendered":"<p>\u00dcr\u00fcn A\u00e7\u0131klamas\u0131 6 kap\u0131l\u0131 gard\u0131rop 1 adet \u015fifonyer ve aynas\u0131 2 adet komodin ve ba\u015fl\u0131ktan olu\u015fmaktad\u0131r. 1 adet ba\u015fl\u0131k E1 standartlar\u0131na uygun kaliteli malzeme kullan\u0131lm\u0131\u015ft\u0131r. \u00dcr\u00fcnlerimizi nemli bir bez ile temizleyebilirsiniz. Geni\u015f i\u00e7 hacmine sahiptir. MDF malzemeden \u00fcretilmi\u015ftir. &nbsp; \u00dcR\u00dcN \u00d6L\u00c7\u00dcLER\u0130 \u00dcr\u00fcnler Geni\u015flik Derinlik Y\u00fckseklik 6 Kap\u0131l\u0131 Dolap 242 cm 57 cm 218 cm \u015eifonyer [&hellip;]<\/p>","protected":false},"featured_media":20343,"comment_status":"open","ping_status":"closed","template":"","meta":[],"product_brand":[],"product_cat":[134],"product_tag":[],"class_list":{"0":"post-20285","1":"product","2":"type-product","3":"status-publish","4":"has-post-thumbnail","6":"product_cat-yatak-odasi","8":"first","9":"instock","10":"sale","11":"shipping-taxable","12":"purchasable","13":"product-type-simple"},"_links":{"self":[{"href":"https:\/\/www.yuyamobilya.com\/ar\/wp-json\/wp\/v2\/product\/20285","targetHints":{"allow":["GET"]}}],"collection":[{"href":"https:\/\/www.yuyamobilya.com\/ar\/wp-json\/wp\/v2\/product"}],"about":[{"href":"https:\/\/www.yuyamobilya.com\/ar\/wp-json\/wp\/v2\/types\/product"}],"replies":[{"embeddable":true,"href":"https:\/\/www.yuyamobilya.com\/ar\/wp-json\/wp\/v2\/comments?post=20285"}],"wp:featuredmedia":[{"embeddable":true,"href":"https:\/\/www.yuyamobilya.com\/ar\/wp-json\/wp\/v2\/media\/20343"}],"wp:attachment":[{"href":"https:\/\/www.yuyamobilya.com\/ar\/wp-json\/wp\/v2\/media?parent=20285"}],"wp:term":[{"taxonomy":"product_brand","embeddable":true,"href":"https:\/\/www.yuyamobilya.com\/ar\/wp-json\/wp\/v2\/product_brand?post=20285"},{"taxonomy":"product_cat","embeddable":true,"href":"https:\/\/www.yuyamobilya.com\/ar\/wp-json\/wp\/v2\/product_cat?post=20285"},{"taxonomy":"product_tag","embeddable":true,"href":"https:\/\/www.yuyamobilya.com\/ar\/wp-json\/wp\/v2\/product_tag?post=20285"}],"curies":[{"name":"wp","href":"https:\/\/api.w.org\/{rel}","templated":true}]}}