{"id":20145,"date":"2025-04-29T10:20:20","date_gmt":"2025-04-29T10:20:20","guid":{"rendered":"https:\/\/www.yuyamobilya.com\/?post_type=product&#038;p=20145"},"modified":"2025-04-29T10:20:20","modified_gmt":"2025-04-29T10:20:20","slug":"luxury-orthopedic-cift-kisilik-yatak","status":"publish","type":"product","link":"https:\/\/www.yuyamobilya.com\/ar\/product\/luxury-orthopedic-cift-kisilik-yatak\/","title":{"rendered":"\u0633\u0631\u064a\u0631 \u0645\u0632\u062f\u0648\u062c \u0641\u0627\u062e\u0631 \u0644\u0644\u0639\u0638\u0627\u0645"},"content":{"rendered":"<h2 style=\"text-align: center;\"><strong>\u0648\u0635\u0641 \u0627\u0644\u0645\u0646\u062a\u062c:<\/strong><\/h2>\n<ul>\n<li>\n<p class=\"\" data-start=\"3044\" data-end=\"3136\">Dayan\u0131kl\u0131 ve hava ge\u00e7iren kuma\u015f\u0131yla \u00fcretilen \u00e7ift ki\u015filik yatak, uzun s\u00fcreli rahatl\u0131k sunar.<\/p>\n<p class=\"\" data-start=\"3138\" data-end=\"3155\"><strong data-start=\"3138\" data-end=\"3153\">\u0633\u0645\u0627\u062a:<\/strong><\/p>\n<ul data-start=\"3156\" data-end=\"3252\">\n<li class=\"\" data-start=\"3156\" data-end=\"3174\">\n<p class=\"\" data-start=\"3158\" data-end=\"3174\">Dayan\u0131kl\u0131 yap\u0131<\/p>\n<\/li>\n<li class=\"\" data-start=\"3175\" data-end=\"3195\">\n<p class=\"\" data-start=\"3177\" data-end=\"3195\">Nefes alan kuma\u015f<\/p>\n<\/li>\n<li class=\"\" data-start=\"3196\" data-end=\"3212\">\n<p class=\"\" data-start=\"3198\" data-end=\"3212\">Orta sertlik<\/p>\n<\/li>\n<li class=\"\" data-start=\"3213\" data-end=\"3229\">\n<p class=\"\" data-start=\"3215\" data-end=\"3229\">Is\u0131 kontrol\u00fc<\/p>\n<\/li>\n<li class=\"\" data-start=\"3230\" data-end=\"3252\">\n<p class=\"\" data-start=\"3232\" data-end=\"3252\">Uzun \u00f6m\u00fcrl\u00fc kullan\u0131m<\/p>\n<\/li>\n<\/ul>\n<\/li>\n<\/ul>","protected":false},"excerpt":{"rendered":"<p>\u00dcr\u00fcn A\u00e7\u0131klamas\u0131: Dayan\u0131kl\u0131 ve hava ge\u00e7iren kuma\u015f\u0131yla \u00fcretilen \u00e7ift ki\u015filik yatak, uzun s\u00fcreli rahatl\u0131k sunar. \u00d6zellikler: Dayan\u0131kl\u0131 yap\u0131 Nefes alan kuma\u015f Orta sertlik Is\u0131 kontrol\u00fc Uzun \u00f6m\u00fcrl\u00fc kullan\u0131m<\/p>","protected":false},"featured_media":20162,"comment_status":"open","ping_status":"closed","template":"","meta":[],"product_brand":[],"product_cat":[133],"product_tag":[],"class_list":{"0":"post-20145","1":"product","2":"type-product","3":"status-publish","4":"has-post-thumbnail","6":"product_cat-yataklar","8":"first","9":"instock","10":"sale","11":"shipping-taxable","12":"purchasable","13":"product-type-simple"},"_links":{"self":[{"href":"https:\/\/www.yuyamobilya.com\/ar\/wp-json\/wp\/v2\/product\/20145","targetHints":{"allow":["GET"]}}],"collection":[{"href":"https:\/\/www.yuyamobilya.com\/ar\/wp-json\/wp\/v2\/product"}],"about":[{"href":"https:\/\/www.yuyamobilya.com\/ar\/wp-json\/wp\/v2\/types\/product"}],"replies":[{"embeddable":true,"href":"https:\/\/www.yuyamobilya.com\/ar\/wp-json\/wp\/v2\/comments?post=20145"}],"wp:featuredmedia":[{"embeddable":true,"href":"https:\/\/www.yuyamobilya.com\/ar\/wp-json\/wp\/v2\/media\/20162"}],"wp:attachment":[{"href":"https:\/\/www.yuyamobilya.com\/ar\/wp-json\/wp\/v2\/media?parent=20145"}],"wp:term":[{"taxonomy":"product_brand","embeddable":true,"href":"https:\/\/www.yuyamobilya.com\/ar\/wp-json\/wp\/v2\/product_brand?post=20145"},{"taxonomy":"product_cat","embeddable":true,"href":"https:\/\/www.yuyamobilya.com\/ar\/wp-json\/wp\/v2\/product_cat?post=20145"},{"taxonomy":"product_tag","embeddable":true,"href":"https:\/\/www.yuyamobilya.com\/ar\/wp-json\/wp\/v2\/product_tag?post=20145"}],"curies":[{"name":"wp","href":"https:\/\/api.w.org\/{rel}","templated":true}]}}