{"id":20131,"date":"2025-04-29T10:23:33","date_gmt":"2025-04-29T10:23:33","guid":{"rendered":"https:\/\/www.yuyamobilya.com\/?post_type=product&#038;p=20131"},"modified":"2025-04-29T10:23:33","modified_gmt":"2025-04-29T10:23:33","slug":"clover-good-sleep-cift-kisilik-yatak","status":"publish","type":"product","link":"https:\/\/www.yuyamobilya.com\/ar\/product\/clover-good-sleep-cift-kisilik-yatak\/","title":{"rendered":"\u0633\u0631\u064a\u0631 \u0645\u0632\u062f\u0648\u062c \u0645\u0646 \u0643\u0644\u0648\u0641\u0631 \u062c\u0648\u062f \u0633\u0644\u064a\u0628"},"content":{"rendered":"<h2 style=\"text-align: center;\"><strong>\u0648\u0635\u0641 \u0627\u0644\u0645\u0646\u062a\u062c:<\/strong><\/h2>\n<ul>\n<li data-start=\"4447\" data-end=\"4541\">Orta sert yap\u0131s\u0131 ile rahat uyku sunan \u00e7ift ki\u015filik yatak, gece boyunca hava ak\u0131\u015f\u0131n\u0131 destekler.<\/li>\n<\/ul>\n<p class=\"\" data-start=\"4543\" data-end=\"4560\"><strong data-start=\"4543\" data-end=\"4558\">\u0633\u0645\u0627\u062a:<\/strong><\/p>\n<ul data-start=\"4561\" data-end=\"4666\">\n<li class=\"\" data-start=\"4561\" data-end=\"4581\">\n<p class=\"\" data-start=\"4563\" data-end=\"4581\">Orta sert konfor<\/p>\n<\/li>\n<li class=\"\" data-start=\"4582\" data-end=\"4603\">\n<p class=\"\" data-start=\"4584\" data-end=\"4603\">Hava sirk\u00fclasyonu<\/p>\n<\/li>\n<li class=\"\" data-start=\"4604\" data-end=\"4621\">\n<p class=\"\" data-start=\"4606\" data-end=\"4621\">Is\u0131 dengeleme<\/p>\n<\/li>\n<li class=\"\" data-start=\"4622\" data-end=\"4643\">\n<p class=\"\" data-start=\"4624\" data-end=\"4643\">Dayan\u0131kl\u0131 malzeme<\/p>\n<\/li>\n<li class=\"\" data-start=\"4644\" data-end=\"4666\">\n<p class=\"\" data-start=\"4646\" data-end=\"4666\">Uzun \u00f6m\u00fcrl\u00fc kullan\u0131m<\/p>\n<\/li>\n<\/ul>","protected":false},"excerpt":{"rendered":"<p>\u00dcr\u00fcn A\u00e7\u0131klamas\u0131: Orta sert yap\u0131s\u0131 ile rahat uyku sunan \u00e7ift ki\u015filik yatak, gece boyunca hava ak\u0131\u015f\u0131n\u0131 destekler. \u00d6zellikler: Orta sert konfor Hava sirk\u00fclasyonu Is\u0131 dengeleme Dayan\u0131kl\u0131 malzeme Uzun \u00f6m\u00fcrl\u00fc kullan\u0131m<\/p>","protected":false},"featured_media":20181,"comment_status":"open","ping_status":"closed","template":"","meta":[],"product_brand":[],"product_cat":[133],"product_tag":[],"class_list":{"0":"post-20131","1":"product","2":"type-product","3":"status-publish","4":"has-post-thumbnail","6":"product_cat-yataklar","8":"first","9":"instock","10":"sale","11":"shipping-taxable","12":"purchasable","13":"product-type-simple"},"_links":{"self":[{"href":"https:\/\/www.yuyamobilya.com\/ar\/wp-json\/wp\/v2\/product\/20131","targetHints":{"allow":["GET"]}}],"collection":[{"href":"https:\/\/www.yuyamobilya.com\/ar\/wp-json\/wp\/v2\/product"}],"about":[{"href":"https:\/\/www.yuyamobilya.com\/ar\/wp-json\/wp\/v2\/types\/product"}],"replies":[{"embeddable":true,"href":"https:\/\/www.yuyamobilya.com\/ar\/wp-json\/wp\/v2\/comments?post=20131"}],"wp:featuredmedia":[{"embeddable":true,"href":"https:\/\/www.yuyamobilya.com\/ar\/wp-json\/wp\/v2\/media\/20181"}],"wp:attachment":[{"href":"https:\/\/www.yuyamobilya.com\/ar\/wp-json\/wp\/v2\/media?parent=20131"}],"wp:term":[{"taxonomy":"product_brand","embeddable":true,"href":"https:\/\/www.yuyamobilya.com\/ar\/wp-json\/wp\/v2\/product_brand?post=20131"},{"taxonomy":"product_cat","embeddable":true,"href":"https:\/\/www.yuyamobilya.com\/ar\/wp-json\/wp\/v2\/product_cat?post=20131"},{"taxonomy":"product_tag","embeddable":true,"href":"https:\/\/www.yuyamobilya.com\/ar\/wp-json\/wp\/v2\/product_tag?post=20131"}],"curies":[{"name":"wp","href":"https:\/\/api.w.org\/{rel}","templated":true}]}}