{"id":20126,"date":"2025-04-29T10:25:57","date_gmt":"2025-04-29T10:25:57","guid":{"rendered":"https:\/\/www.yuyamobilya.com\/?post_type=product&#038;p=20126"},"modified":"2025-04-29T10:25:57","modified_gmt":"2025-04-29T10:25:57","slug":"dream-cloud-cift-kisilik-yatak","status":"publish","type":"product","link":"https:\/\/www.yuyamobilya.com\/ar\/product\/dream-cloud-cift-kisilik-yatak\/","title":{"rendered":"\u0633\u0631\u064a\u0631 \u062f\u0631\u064a\u0645 \u0643\u0644\u0627\u0648\u062f \u0627\u0644\u0645\u0632\u062f\u0648\u062c"},"content":{"rendered":"<h2 style=\"text-align: center;\"><strong>\u0648\u0635\u0641 \u0627\u0644\u0645\u0646\u062a\u062c:<\/strong><\/h2>\n<ul>\n<li>\n<p class=\"\" data-start=\"5588\" data-end=\"5671\">Sa\u011flam ve hafif tasar\u0131m\u0131yla \u00e7ift ki\u015filik yatak, kolay ta\u015f\u0131n\u0131r ve uzun s\u00fcre dayan\u0131r.<\/p>\n<p class=\"\" data-start=\"5673\" data-end=\"5690\"><strong data-start=\"5673\" data-end=\"5688\">\u0633\u0645\u0627\u062a:<\/strong><\/p>\n<ul data-start=\"5691\" data-end=\"5786\">\n<li class=\"\" data-start=\"5691\" data-end=\"5705\">\n<p class=\"\" data-start=\"5693\" data-end=\"5705\">Hafif yap\u0131<\/p>\n<\/li>\n<li class=\"\" data-start=\"5706\" data-end=\"5724\">\n<p class=\"\" data-start=\"5708\" data-end=\"5724\">Sa\u011flam malzeme<\/p>\n<\/li>\n<li class=\"\" data-start=\"5725\" data-end=\"5745\">\n<p class=\"\" data-start=\"5727\" data-end=\"5745\">Orta sert destek<\/p>\n<\/li>\n<li class=\"\" data-start=\"5746\" data-end=\"5763\">\n<p class=\"\" data-start=\"5748\" data-end=\"5763\">Is\u0131 dengeleme<\/p>\n<\/li>\n<li class=\"\" data-start=\"5764\" data-end=\"5786\">\n<p class=\"\" data-start=\"5766\" data-end=\"5786\">Nefes alabilir kuma\u015f<\/p>\n<\/li>\n<\/ul>\n<\/li>\n<\/ul>","protected":false},"excerpt":{"rendered":"<p>\u00dcr\u00fcn A\u00e7\u0131klamas\u0131: Sa\u011flam ve hafif tasar\u0131m\u0131yla \u00e7ift ki\u015filik yatak, kolay ta\u015f\u0131n\u0131r ve uzun s\u00fcre dayan\u0131r. \u00d6zellikler: Hafif yap\u0131 Sa\u011flam malzeme Orta sert destek Is\u0131 dengeleme Nefes alabilir kuma\u015f<\/p>","protected":false},"featured_media":20193,"comment_status":"open","ping_status":"closed","template":"","meta":[],"product_brand":[],"product_cat":[133],"product_tag":[],"class_list":{"0":"post-20126","1":"product","2":"type-product","3":"status-publish","4":"has-post-thumbnail","6":"product_cat-yataklar","8":"first","9":"instock","10":"sale","11":"shipping-taxable","12":"purchasable","13":"product-type-simple"},"_links":{"self":[{"href":"https:\/\/www.yuyamobilya.com\/ar\/wp-json\/wp\/v2\/product\/20126","targetHints":{"allow":["GET"]}}],"collection":[{"href":"https:\/\/www.yuyamobilya.com\/ar\/wp-json\/wp\/v2\/product"}],"about":[{"href":"https:\/\/www.yuyamobilya.com\/ar\/wp-json\/wp\/v2\/types\/product"}],"replies":[{"embeddable":true,"href":"https:\/\/www.yuyamobilya.com\/ar\/wp-json\/wp\/v2\/comments?post=20126"}],"wp:featuredmedia":[{"embeddable":true,"href":"https:\/\/www.yuyamobilya.com\/ar\/wp-json\/wp\/v2\/media\/20193"}],"wp:attachment":[{"href":"https:\/\/www.yuyamobilya.com\/ar\/wp-json\/wp\/v2\/media?parent=20126"}],"wp:term":[{"taxonomy":"product_brand","embeddable":true,"href":"https:\/\/www.yuyamobilya.com\/ar\/wp-json\/wp\/v2\/product_brand?post=20126"},{"taxonomy":"product_cat","embeddable":true,"href":"https:\/\/www.yuyamobilya.com\/ar\/wp-json\/wp\/v2\/product_cat?post=20126"},{"taxonomy":"product_tag","embeddable":true,"href":"https:\/\/www.yuyamobilya.com\/ar\/wp-json\/wp\/v2\/product_tag?post=20126"}],"curies":[{"name":"wp","href":"https:\/\/api.w.org\/{rel}","templated":true}]}}