{"id":20122,"date":"2025-04-29T10:14:54","date_gmt":"2025-04-29T10:14:54","guid":{"rendered":"https:\/\/www.yuyamobilya.com\/?post_type=product&#038;p=20122"},"modified":"2025-04-29T10:14:54","modified_gmt":"2025-04-29T10:14:54","slug":"floransa-cift-kisilik-yatak","status":"publish","type":"product","link":"https:\/\/www.yuyamobilya.com\/ar\/product\/floransa-cift-kisilik-yatak\/","title":{"rendered":"\u0633\u0631\u064a\u0631 \u0645\u0632\u062f\u0648\u062c \u0645\u0646 \u0641\u0644\u0648\u0631\u0646\u0633\u0627"},"content":{"rendered":"<h2 style=\"text-align: center;\"><strong>\u0648\u0635\u0641 \u0627\u0644\u0645\u0646\u062a\u062c:<\/strong><\/h2>\n<ul>\n<li>\n<p class=\"\" data-start=\"312\" data-end=\"457\">\u00c7ift ki\u015filik yatak, orta sert yap\u0131s\u0131yla konforlu ve destekleyici bir uyku sunar. Nefes alan kuma\u015f\u0131 sayesinde gece boyunca ferah bir ortam sa\u011flar.<\/p>\n<p class=\"\" data-start=\"459\" data-end=\"476\"><strong data-start=\"459\" data-end=\"474\">\u0633\u0645\u0627\u062a:<\/strong><\/p>\n<ul data-start=\"477\" data-end=\"581\">\n<li class=\"\" data-start=\"477\" data-end=\"493\">\n<p class=\"\" data-start=\"479\" data-end=\"493\">Orta sertlik<\/p>\n<\/li>\n<li class=\"\" data-start=\"494\" data-end=\"514\">\n<p class=\"\" data-start=\"496\" data-end=\"514\">Nefes alan y\u00fczey<\/p>\n<\/li>\n<li class=\"\" data-start=\"515\" data-end=\"539\">\n<p class=\"\" data-start=\"517\" data-end=\"539\">Is\u0131 dengeleyici yap\u0131<\/p>\n<\/li>\n<li class=\"\" data-start=\"540\" data-end=\"561\">\n<p class=\"\" data-start=\"542\" data-end=\"561\">Dayan\u0131kl\u0131 malzeme<\/p>\n<\/li>\n<li class=\"\" data-start=\"562\" data-end=\"581\">\n<p class=\"\" data-start=\"564\" data-end=\"581\">Konforlu kullan\u0131m<\/p>\n<\/li>\n<\/ul>\n<\/li>\n<\/ul>","protected":false},"excerpt":{"rendered":"<p>\u00dcr\u00fcn A\u00e7\u0131klamas\u0131: \u00c7ift ki\u015filik yatak, orta sert yap\u0131s\u0131yla konforlu ve destekleyici bir uyku sunar. Nefes alan kuma\u015f\u0131 sayesinde gece boyunca ferah bir ortam sa\u011flar. \u00d6zellikler: Orta sertlik Nefes alan y\u00fczey Is\u0131 dengeleyici yap\u0131 Dayan\u0131kl\u0131 malzeme Konforlu kullan\u0131m<\/p>","protected":false},"featured_media":20146,"comment_status":"open","ping_status":"closed","template":"","meta":[],"product_brand":[],"product_cat":[133],"product_tag":[],"class_list":{"0":"post-20122","1":"product","2":"type-product","3":"status-publish","4":"has-post-thumbnail","6":"product_cat-yataklar","8":"first","9":"instock","10":"sale","11":"shipping-taxable","12":"purchasable","13":"product-type-simple"},"_links":{"self":[{"href":"https:\/\/www.yuyamobilya.com\/ar\/wp-json\/wp\/v2\/product\/20122","targetHints":{"allow":["GET"]}}],"collection":[{"href":"https:\/\/www.yuyamobilya.com\/ar\/wp-json\/wp\/v2\/product"}],"about":[{"href":"https:\/\/www.yuyamobilya.com\/ar\/wp-json\/wp\/v2\/types\/product"}],"replies":[{"embeddable":true,"href":"https:\/\/www.yuyamobilya.com\/ar\/wp-json\/wp\/v2\/comments?post=20122"}],"wp:featuredmedia":[{"embeddable":true,"href":"https:\/\/www.yuyamobilya.com\/ar\/wp-json\/wp\/v2\/media\/20146"}],"wp:attachment":[{"href":"https:\/\/www.yuyamobilya.com\/ar\/wp-json\/wp\/v2\/media?parent=20122"}],"wp:term":[{"taxonomy":"product_brand","embeddable":true,"href":"https:\/\/www.yuyamobilya.com\/ar\/wp-json\/wp\/v2\/product_brand?post=20122"},{"taxonomy":"product_cat","embeddable":true,"href":"https:\/\/www.yuyamobilya.com\/ar\/wp-json\/wp\/v2\/product_cat?post=20122"},{"taxonomy":"product_tag","embeddable":true,"href":"https:\/\/www.yuyamobilya.com\/ar\/wp-json\/wp\/v2\/product_tag?post=20122"}],"curies":[{"name":"wp","href":"https:\/\/api.w.org\/{rel}","templated":true}]}}