{"id":20120,"date":"2025-04-29T10:16:36","date_gmt":"2025-04-29T10:16:36","guid":{"rendered":"https:\/\/www.yuyamobilya.com\/?post_type=product&#038;p=20120"},"modified":"2025-04-29T10:16:36","modified_gmt":"2025-04-29T10:16:36","slug":"milano-cift-kisilik-yatak","status":"publish","type":"product","link":"https:\/\/www.yuyamobilya.com\/ar\/product\/milano-cift-kisilik-yatak\/","title":{"rendered":"\u0633\u0631\u064a\u0631 \u0645\u064a\u0644\u0627\u0646\u0648 \u0645\u0632\u062f\u0648\u062c"},"content":{"rendered":"<h2 style=\"text-align: center;\"><strong>\u0648\u0635\u0641 \u0627\u0644\u0645\u0646\u062a\u062c:<\/strong><\/h2>\n<ul>\n<li>\n<p class=\"\" data-start=\"870\" data-end=\"974\">Orta sertlikte tasarlanan \u00e7ift ki\u015filik yatak, v\u00fccudu dengeli \u015fekilde destekler ve rahat bir uyku sa\u011flar.<\/p>\n<p class=\"\" data-start=\"976\" data-end=\"993\"><strong data-start=\"976\" data-end=\"991\">\u0633\u0645\u0627\u062a:<\/strong><\/p>\n<ul data-start=\"994\" data-end=\"1102\">\n<li class=\"\" data-start=\"994\" data-end=\"1018\">\n<p class=\"\" data-start=\"996\" data-end=\"1018\">V\u00fccut destek sistemi<\/p>\n<\/li>\n<li class=\"\" data-start=\"1019\" data-end=\"1035\">\n<p class=\"\" data-start=\"1021\" data-end=\"1035\">Orta sertlik<\/p>\n<\/li>\n<li class=\"\" data-start=\"1036\" data-end=\"1060\">\n<p class=\"\" data-start=\"1038\" data-end=\"1060\">Nefes alabilir kuma\u015f<\/p>\n<\/li>\n<li class=\"\" data-start=\"1061\" data-end=\"1083\">\n<p class=\"\" data-start=\"1063\" data-end=\"1083\">Is\u0131 denge \u00f6zelli\u011fi<\/p>\n<\/li>\n<li class=\"\" data-start=\"1084\" data-end=\"1102\">\n<p class=\"\" data-start=\"1086\" data-end=\"1102\">Uzun \u00f6m\u00fcrl\u00fc yap\u0131<\/p>\n<\/li>\n<\/ul>\n<\/li>\n<\/ul>","protected":false},"excerpt":{"rendered":"<p>\u00dcr\u00fcn A\u00e7\u0131klamas\u0131: Orta sertlikte tasarlanan \u00e7ift ki\u015filik yatak, v\u00fccudu dengeli \u015fekilde destekler ve rahat bir uyku sa\u011flar. \u00d6zellikler: V\u00fccut destek sistemi Orta sertlik Nefes alabilir kuma\u015f Is\u0131 denge \u00f6zelli\u011fi Uzun \u00f6m\u00fcrl\u00fc yap\u0131<\/p>","protected":false},"featured_media":20153,"comment_status":"open","ping_status":"closed","template":"","meta":[],"product_brand":[],"product_cat":[133],"product_tag":[],"class_list":{"0":"post-20120","1":"product","2":"type-product","3":"status-publish","4":"has-post-thumbnail","6":"product_cat-yataklar","8":"first","9":"instock","10":"sale","11":"shipping-taxable","12":"purchasable","13":"product-type-simple"},"_links":{"self":[{"href":"https:\/\/www.yuyamobilya.com\/ar\/wp-json\/wp\/v2\/product\/20120","targetHints":{"allow":["GET"]}}],"collection":[{"href":"https:\/\/www.yuyamobilya.com\/ar\/wp-json\/wp\/v2\/product"}],"about":[{"href":"https:\/\/www.yuyamobilya.com\/ar\/wp-json\/wp\/v2\/types\/product"}],"replies":[{"embeddable":true,"href":"https:\/\/www.yuyamobilya.com\/ar\/wp-json\/wp\/v2\/comments?post=20120"}],"wp:featuredmedia":[{"embeddable":true,"href":"https:\/\/www.yuyamobilya.com\/ar\/wp-json\/wp\/v2\/media\/20153"}],"wp:attachment":[{"href":"https:\/\/www.yuyamobilya.com\/ar\/wp-json\/wp\/v2\/media?parent=20120"}],"wp:term":[{"taxonomy":"product_brand","embeddable":true,"href":"https:\/\/www.yuyamobilya.com\/ar\/wp-json\/wp\/v2\/product_brand?post=20120"},{"taxonomy":"product_cat","embeddable":true,"href":"https:\/\/www.yuyamobilya.com\/ar\/wp-json\/wp\/v2\/product_cat?post=20120"},{"taxonomy":"product_tag","embeddable":true,"href":"https:\/\/www.yuyamobilya.com\/ar\/wp-json\/wp\/v2\/product_tag?post=20120"}],"curies":[{"name":"wp","href":"https:\/\/api.w.org\/{rel}","templated":true}]}}