{"id":20045,"date":"2025-04-28T11:40:59","date_gmt":"2025-04-28T11:40:59","guid":{"rendered":"https:\/\/www.yuyamobilya.com\/?post_type=product&#038;p=20045"},"modified":"2025-04-28T11:40:59","modified_gmt":"2025-04-28T11:40:59","slug":"silver-cift-kisilik-yatak","status":"publish","type":"product","link":"https:\/\/www.yuyamobilya.com\/ar\/product\/silver-cift-kisilik-yatak\/","title":{"rendered":"\u0633\u0631\u064a\u0631 \u0645\u0632\u062f\u0648\u062c \u0641\u0636\u064a"},"content":{"rendered":"<h2 style=\"text-align: center;\"><strong>\u0648\u0635\u0641 \u0627\u0644\u0645\u0646\u062a\u062c:<\/strong><\/h2>\n<ul>\n<li>\n<p class=\"\" data-start=\"1990\" data-end=\"2239\">\u062a\u0645 \u062a\u0635\u0645\u064a\u0645\u0647 \u0644\u0623\u0648\u0644\u0626\u0643 \u0627\u0644\u0630\u064a\u0646 \u064a\u0631\u064a\u062f\u0648\u0646 \u0627\u0644\u062d\u0635\u0648\u0644 \u0639\u0644\u0649 \u062a\u062c\u0631\u0628\u0629 \u0646\u0648\u0645 \u0639\u0627\u0644\u064a\u0629 \u0627\u0644\u062c\u0648\u062f\u0629 \u0628\u0633\u0639\u0631 \u0645\u0639\u0642\u0648\u0644\u060c \u064a\u062a\u0645\u064a\u0632 \u0646\u0645\u0648\u0630\u062c \u0627\u0644\u0633\u0631\u064a\u0631 \u0627\u0644\u0645\u0632\u062f\u0648\u062c \u0644\u062f\u064a\u0646\u0627 \u0628\u0628\u0646\u064a\u062a\u0647 \u0627\u0644\u0642\u0648\u064a\u0629 \u0648\u0633\u0637\u062d\u0647 \u0627\u0644\u0645\u0631\u064a\u062d. \u0625\u0646\u0647 \u062e\u064a\u0627\u0631 \u0627\u0642\u062a\u0635\u0627\u062f\u064a \u064a\u0645\u0643\u0646\u0643 \u0627\u0633\u062a\u062e\u062f\u0627\u0645\u0647 \u0644\u0633\u0646\u0648\u0627\u062a \u0628\u0641\u0636\u0644 \u0645\u0627\u062f\u062a\u0647 \u0627\u0644\u0645\u062a\u064a\u0646\u0629.<\/p>\n<p class=\"\" data-start=\"2241\" data-end=\"2256\"><strong data-start=\"2241\" data-end=\"2256\">\u0633\u0645\u0627\u062a:<\/strong><\/p>\n<ul data-start=\"2257\" data-end=\"2433\">\n<li class=\"\" data-start=\"2257\" data-end=\"2288\">\n<p class=\"\" data-start=\"2259\" data-end=\"2288\">\u0633\u0639\u0631 \u0627\u0642\u062a\u0635\u0627\u062f\u064a \u0648\u062c\u0648\u062f\u0629 \u0639\u0627\u0644\u064a\u0629<\/p>\n<\/li>\n<li class=\"\" data-start=\"2289\" data-end=\"2321\">\n<p class=\"\" data-start=\"2291\" data-end=\"2321\">\u0645\u0633\u062a\u0648\u0649 \u0627\u0644\u0631\u0627\u062d\u0629 \u0645\u062a\u0648\u0633\u0637 \u0627\u0644\u0635\u0644\u0627\u0628\u0629<\/p>\n<\/li>\n<li class=\"\" data-start=\"2366\" data-end=\"2391\">\n<p class=\"\" data-start=\"2368\" data-end=\"2391\">\u0642\u0645\u0627\u0634 \u0645\u0646\u0633\u0648\u062c \u0642\u0627\u0628\u0644 \u0644\u0644\u062a\u0646\u0641\u0633<\/p>\n<\/li>\n<li class=\"\" data-start=\"2392\" data-end=\"2417\">\n<p class=\"\" data-start=\"2394\" data-end=\"2417\">\u062e\u0627\u0635\u064a\u0629 \u0645\u0648\u0627\u0632\u0646\u0629 \u0627\u0644\u062d\u0631\u0627\u0631\u0629<\/p>\n<\/li>\n<\/ul>\n<\/li>\n<\/ul>","protected":false},"excerpt":{"rendered":"<p>\u00dcr\u00fcn A\u00e7\u0131klamas\u0131: Uygun fiyatla kaliteli bir uyku deneyimi ya\u015famak isteyenler i\u00e7in tasarlanan \u00e7ift ki\u015filik yatak modelimiz, sa\u011flam yap\u0131s\u0131 ve rahat y\u00fczeyiyle \u00f6ne \u00e7\u0131k\u0131yor. Dayan\u0131kl\u0131 malzemesi sayesinde y\u0131llarca kullanabilece\u011finiz ekonomik bir tercihtir. \u00d6zellikler: Ekonomik fiyat, y\u00fcksek kalite Orta sertlikte konfor seviyesi Nefes alan dokuma kuma\u015f Is\u0131 dengeleyici \u00f6zellik<\/p>","protected":false},"featured_media":20055,"comment_status":"open","ping_status":"closed","template":"","meta":[],"product_brand":[],"product_cat":[133],"product_tag":[],"class_list":{"0":"post-20045","1":"product","2":"type-product","3":"status-publish","4":"has-post-thumbnail","6":"product_cat-yataklar","8":"first","9":"instock","10":"sale","11":"shipping-taxable","12":"purchasable","13":"product-type-simple"},"_links":{"self":[{"href":"https:\/\/www.yuyamobilya.com\/ar\/wp-json\/wp\/v2\/product\/20045","targetHints":{"allow":["GET"]}}],"collection":[{"href":"https:\/\/www.yuyamobilya.com\/ar\/wp-json\/wp\/v2\/product"}],"about":[{"href":"https:\/\/www.yuyamobilya.com\/ar\/wp-json\/wp\/v2\/types\/product"}],"replies":[{"embeddable":true,"href":"https:\/\/www.yuyamobilya.com\/ar\/wp-json\/wp\/v2\/comments?post=20045"}],"wp:featuredmedia":[{"embeddable":true,"href":"https:\/\/www.yuyamobilya.com\/ar\/wp-json\/wp\/v2\/media\/20055"}],"wp:attachment":[{"href":"https:\/\/www.yuyamobilya.com\/ar\/wp-json\/wp\/v2\/media?parent=20045"}],"wp:term":[{"taxonomy":"product_brand","embeddable":true,"href":"https:\/\/www.yuyamobilya.com\/ar\/wp-json\/wp\/v2\/product_brand?post=20045"},{"taxonomy":"product_cat","embeddable":true,"href":"https:\/\/www.yuyamobilya.com\/ar\/wp-json\/wp\/v2\/product_cat?post=20045"},{"taxonomy":"product_tag","embeddable":true,"href":"https:\/\/www.yuyamobilya.com\/ar\/wp-json\/wp\/v2\/product_tag?post=20045"}],"curies":[{"name":"wp","href":"https:\/\/api.w.org\/{rel}","templated":true}]}}