{"id":19383,"date":"2025-04-20T08:49:32","date_gmt":"2025-04-20T08:49:32","guid":{"rendered":"https:\/\/www.yuyamobilya.com\/?post_type=product&#038;p=19383"},"modified":"2025-05-12T14:31:15","modified_gmt":"2025-05-12T14:31:15","slug":"varda-yatak-odasi","status":"publish","type":"product","link":"https:\/\/www.yuyamobilya.com\/ar\/product\/varda-yatak-odasi\/","title":{"rendered":"Varda Yatak Odas\u0131"},"content":{"rendered":"<h2 style=\"text-align: center;\">Varda Yatak Odas\u0131<\/h2>\n<p>\u062e\u0632\u0627\u0646\u0629 \u0645\u0644\u0627\u0628\u0633 \u0628\u0633\u062a\u0629 \u0623\u0628\u0648\u0627\u0628<\/p>\n<p>1 \u062e\u0632\u0627\u0646\u0629 \u0648\u0645\u0631\u0622\u0629<\/p>\n<p>\u064a\u062a\u0643\u0648\u0646 \u0645\u0646 \u0637\u0627\u0648\u0644\u062a\u064a\u0646 \u0628\u062c\u0627\u0646\u0628 \u0627\u0644\u0633\u0631\u064a\u0631 \u0648\u0644\u0648\u062d \u0623\u0645\u0627\u0645\u064a.<\/p>\n<p>\u064a\u062a\u0645 \u0627\u0633\u062a\u062e\u062f\u0627\u0645 \u0645\u0648\u0627\u062f \u0630\u0627\u062a \u062c\u0648\u062f\u0629 \u062a\u062a\u0648\u0627\u0641\u0642 \u0645\u0639 \u0645\u0639\u0627\u064a\u064a\u0631 E1.<\/p>\n<p>\u064a\u0645\u0643\u0646\u0643 \u062a\u0646\u0638\u064a\u0641 \u0645\u0646\u062a\u062c\u0627\u062a\u0646\u0627 \u0628\u0642\u0637\u0639\u0629 \u0642\u0645\u0627\u0634 \u0645\u0628\u0644\u0644\u0629.<\/p>\n<p>\u064a\u062d\u062a\u0648\u064a \u0639\u0644\u0649 \u062d\u062c\u0645 \u062f\u0627\u062e\u0644\u064a \u0643\u0628\u064a\u0631.<\/p>\n<p>\u0645\u0635\u0646\u0648\u0639\u0629 \u0645\u0646 \u0645\u0627\u062f\u0629 MDF.<\/p>\n<p>&nbsp;<\/p>\n<h2 style=\"text-align: center;\">\u0623\u0628\u0639\u0627\u062f \u0627\u0644\u0645\u0646\u062a\u062c<\/h2>\n<div>\n<hr \/>\n<table border=\"0\" cellspacing=\"10px\" cellpadding=\"10px\">\n<tbody>\n<tr>\n<td><strong>\u0645\u0646\u062a\u062c\u0627\u062a<\/strong><\/td>\n<td><strong>\u0639\u0631\u0636<\/strong><\/td>\n<td><strong>\u0639\u0645\u0642<\/strong><\/td>\n<td><strong>\u0627\u0631\u062a\u0641\u0627\u0639<\/strong><\/td>\n<\/tr>\n<tr>\n<td>\u062e\u0632\u0627\u0646\u0629 \u0628\u0633\u062a\u0629 \u0623\u0628\u0648\u0627\u0628<\/td>\n<td>242 \u0633\u0645<\/td>\n<td>57 \u0633\u0645<\/td>\n<td>218 \u0633\u0645<\/td>\n<\/tr>\n<tr>\n<td>\u062e\u0632\u0627\u0646\u0629 \u0648\u0645\u0631\u0622\u0629<\/td>\n<td>120 \u0633\u0645<\/td>\n<td>41 \u0633\u0645<\/td>\n<td>85 \u0633\u0645<\/td>\n<\/tr>\n<tr>\n<td>\u0635\u0648\u0627\u0646<\/td>\n<td>58 \u0633\u0645<\/td>\n<td>43 \u0633\u0645<\/td>\n<td>53 \u0633\u0645<\/td>\n<\/tr>\n<tr>\n<td>\u0633\u0631\u064a\u0631 (\u0645\u0639 \u0642\u0627\u0639\u062f\u0629)<\/td>\n<td>160 \u0633\u0645<\/td>\n<td>200 \u0633\u0645<\/td>\n<td>40 \u0633\u0645<\/td>\n<\/tr>\n<tr>\n<td>\u0639\u0646\u0648\u0627\u0646<\/td>\n<td>172 \u0633\u0645<\/td>\n<td>\u2013 \u0633\u0645<\/td>\n<td>130 \u0633\u0645<\/td>\n<\/tr>\n<\/tbody>\n<\/table>\n<\/div>","protected":false},"excerpt":{"rendered":"<p data-start=\"0\" data-end=\"276\">Yeni Akdeniz serimizden <strong data-start=\"24\" data-end=\"45\">Varda Yatak Odas\u0131<\/strong> ile modern ve \u015f\u0131k bir ya\u015fam alan\u0131 yarat\u0131n! Bu \u00f6zel tasar\u0131m, 100% MDF malzemeden \u00fcretilmi\u015f olup, estetik ve dayan\u0131kl\u0131l\u0131\u011f\u0131 bir arada sunuyor. Serinin her par\u00e7as\u0131, zamans\u0131z bir \u015f\u0131kl\u0131k ve fonksiyonellik i\u00e7in titizlikle tasarlanm\u0131\u015ft\u0131r.<\/p>\n<p data-start=\"278\" data-end=\"324\"><strong data-start=\"278\" data-end=\"306\">Varda Yatak Odas\u0131 Tak\u0131m\u0131<\/strong> \u015funlar\u0131 i\u00e7eriyor:<\/p>\n<ol data-start=\"326\" data-end=\"980\">\n<li data-start=\"326\" data-end=\"471\">\n<p data-start=\"329\" data-end=\"471\"><strong data-start=\"329\" data-end=\"353\">Yatak Baza ve Ba\u015fl\u0131k<\/strong>: Y\u00fcksek kaliteli malzemelerden \u00fcretilmi\u015f, zarif ba\u015fl\u0131k ve pratik baza ile konforu ve esteti\u011fi bir arada bulacaks\u0131n\u0131z.<\/p>\n<\/li>\n<li data-start=\"475\" data-end=\"696\">\n<p data-start=\"478\" data-end=\"696\"><strong data-start=\"478\" data-end=\"519\">6 Kapakl\u0131 \u00d6zel Membran Dokumal\u0131 Dolap<\/strong>: Bu dolap, geni\u015f depolama alan\u0131 sa\u011flamakla kalmaz, \u00f6zel membran dokusu sayesinde uzun \u00f6m\u00fcrl\u00fc ve estetik bir kullan\u0131m sunar. \u015e\u0131kl\u0131\u011f\u0131 ve fonksiyonelli\u011fiyle odan\u0131za de\u011fer katacak.<\/p>\n<\/li>\n<li data-start=\"698\" data-end=\"829\">\n<p data-start=\"701\" data-end=\"829\"><strong data-start=\"701\" data-end=\"719\">2 Adet Komodin<\/strong>: Yatak ba\u015fl\u0131\u011f\u0131yla uyumlu, kullan\u0131\u015fl\u0131 komodinler, ki\u015fisel e\u015fyalar\u0131n\u0131z\u0131 d\u00fczenli bir \u015fekilde saklaman\u0131z\u0131 sa\u011flar.<\/p>\n<\/li>\n<li data-start=\"831\" data-end=\"980\">\n<p data-start=\"834\" data-end=\"980\"><strong data-start=\"834\" data-end=\"856\">\u015eifonyer ve Aynas\u0131<\/strong>: Modern ve zarif bir \u015fifonyer, aynas\u0131yla odan\u0131za derinlik katarken, ayn\u0131 zamanda ihtiya\u00e7 duydu\u011funuz depolama alan\u0131n\u0131 sunar.<\/p>\n<\/li>\n<\/ol>\n<p data-start=\"982\" data-end=\"1236\" data-is-last-node=\"\" data-is-only-node=\"\">Her detay\u0131nda kaliteyi ve \u015f\u0131kl\u0131\u011f\u0131 hissedebilece\u011finiz <strong data-start=\"1035\" data-end=\"1056\">Varda Yatak Odas\u0131<\/strong> tak\u0131m\u0131, ya\u015fam alan\u0131n\u0131za zarif bir dokunu\u015f katacak ve rahatl\u0131\u011f\u0131n\u0131z\u0131 art\u0131racak. Hem g\u00f6rsel olarak g\u00f6z al\u0131c\u0131 hem de i\u015flevsel olan bu tak\u0131m, yatak odalar\u0131n\u0131za modern bir hava kat\u0131yor.<\/p>","protected":false},"featured_media":19495,"comment_status":"open","ping_status":"closed","template":"","meta":[],"product_brand":[],"product_cat":[150,134],"product_tag":[],"class_list":{"0":"post-19383","1":"product","2":"type-product","3":"status-publish","4":"has-post-thumbnail","6":"product_cat-genel","7":"product_cat-yatak-odasi","9":"first","10":"instock","11":"sale","12":"shipping-taxable","13":"purchasable","14":"product-type-simple"},"_links":{"self":[{"href":"https:\/\/www.yuyamobilya.com\/ar\/wp-json\/wp\/v2\/product\/19383","targetHints":{"allow":["GET"]}}],"collection":[{"href":"https:\/\/www.yuyamobilya.com\/ar\/wp-json\/wp\/v2\/product"}],"about":[{"href":"https:\/\/www.yuyamobilya.com\/ar\/wp-json\/wp\/v2\/types\/product"}],"replies":[{"embeddable":true,"href":"https:\/\/www.yuyamobilya.com\/ar\/wp-json\/wp\/v2\/comments?post=19383"}],"wp:featuredmedia":[{"embeddable":true,"href":"https:\/\/www.yuyamobilya.com\/ar\/wp-json\/wp\/v2\/media\/19495"}],"wp:attachment":[{"href":"https:\/\/www.yuyamobilya.com\/ar\/wp-json\/wp\/v2\/media?parent=19383"}],"wp:term":[{"taxonomy":"product_brand","embeddable":true,"href":"https:\/\/www.yuyamobilya.com\/ar\/wp-json\/wp\/v2\/product_brand?post=19383"},{"taxonomy":"product_cat","embeddable":true,"href":"https:\/\/www.yuyamobilya.com\/ar\/wp-json\/wp\/v2\/product_cat?post=19383"},{"taxonomy":"product_tag","embeddable":true,"href":"https:\/\/www.yuyamobilya.com\/ar\/wp-json\/wp\/v2\/product_tag?post=19383"}],"curies":[{"name":"wp","href":"https:\/\/api.w.org\/{rel}","templated":true}]}}