{"id":19280,"date":"2025-04-18T03:21:08","date_gmt":"2025-04-18T03:21:08","guid":{"rendered":"https:\/\/www.yuyamobilya.com\/product\/jel-sogutuculu-yastik\/"},"modified":"2025-04-18T06:07:31","modified_gmt":"2025-04-18T06:07:31","slug":"jel-sogutuculu-yastik","status":"publish","type":"product","link":"https:\/\/www.yuyamobilya.com\/ar\/product\/jel-sogutuculu-yastik\/","title":{"rendered":"\u0648\u0633\u0627\u062f\u0629 \u062a\u0628\u0631\u064a\u062f \u062c\u0644"},"content":{"rendered":"<p>Jel So\u011futuculu Yast\u0131k modeli, Yuya Mobilya kalitesiyle \u00fcretilmi\u015ftir. \u015e\u0131k tasar\u0131m\u0131 ve dayan\u0131kl\u0131 malzemesiyle uzun y\u0131llar kullan\u0131m sa\u011flar. Yast\u0131k kategorisinde \u00f6zel bir se\u00e7enektir.<\/p>","protected":false},"excerpt":{"rendered":"<p>Jel So\u011futuculu Yast\u0131k modeli, Yuya Mobilya kalitesiyle \u00fcretilmi\u015ftir. \u015e\u0131k tasar\u0131m\u0131 ve dayan\u0131kl\u0131 malzemesiyle uzun y\u0131llar kullan\u0131m sa\u011flar. Yast\u0131k kategorisinde \u00f6zel bir se\u00e7enektir.<\/p>","protected":false},"featured_media":19340,"comment_status":"open","ping_status":"closed","template":"","meta":[],"product_brand":[],"product_cat":[145],"product_tag":[],"class_list":{"0":"post-19280","1":"product","2":"type-product","3":"status-publish","4":"has-post-thumbnail","6":"product_cat-yastik","8":"first","9":"instock","10":"shipping-taxable","11":"purchasable","12":"product-type-simple"},"_links":{"self":[{"href":"https:\/\/www.yuyamobilya.com\/ar\/wp-json\/wp\/v2\/product\/19280","targetHints":{"allow":["GET"]}}],"collection":[{"href":"https:\/\/www.yuyamobilya.com\/ar\/wp-json\/wp\/v2\/product"}],"about":[{"href":"https:\/\/www.yuyamobilya.com\/ar\/wp-json\/wp\/v2\/types\/product"}],"replies":[{"embeddable":true,"href":"https:\/\/www.yuyamobilya.com\/ar\/wp-json\/wp\/v2\/comments?post=19280"}],"wp:featuredmedia":[{"embeddable":true,"href":"https:\/\/www.yuyamobilya.com\/ar\/wp-json\/wp\/v2\/media\/19340"}],"wp:attachment":[{"href":"https:\/\/www.yuyamobilya.com\/ar\/wp-json\/wp\/v2\/media?parent=19280"}],"wp:term":[{"taxonomy":"product_brand","embeddable":true,"href":"https:\/\/www.yuyamobilya.com\/ar\/wp-json\/wp\/v2\/product_brand?post=19280"},{"taxonomy":"product_cat","embeddable":true,"href":"https:\/\/www.yuyamobilya.com\/ar\/wp-json\/wp\/v2\/product_cat?post=19280"},{"taxonomy":"product_tag","embeddable":true,"href":"https:\/\/www.yuyamobilya.com\/ar\/wp-json\/wp\/v2\/product_tag?post=19280"}],"curies":[{"name":"wp","href":"https:\/\/api.w.org\/{rel}","templated":true}]}}