{"id":19975,"date":"2025-04-22T02:11:58","date_gmt":"2025-04-22T02:11:58","guid":{"rendered":"https:\/\/www.yuyamobilya.com\/?page_id=19975"},"modified":"2025-04-22T02:13:27","modified_gmt":"2025-04-22T02:13:27","slug":"hakkimizda","status":"publish","type":"page","link":"https:\/\/www.yuyamobilya.com\/ar\/hakkimizda\/","title":{"rendered":"\u0645\u0639\u0644\u0648\u0645\u0627\u062a \u0639\u0646\u0627"},"content":{"rendered":"<h2 class=\"wp-block-heading\">\u0645\u0631\u062d\u0628\u0627\u064b \u0628\u0643\u0645 \u0641\u064a \u064a\u0648\u064a\u0627 \u0644\u0644\u0623\u062b\u0627\u062b<\/h2><p>\u0646\u062d\u0646 \u0646\u0639\u0645\u0644 \u0639\u0644\u0649 \u0625\u0646\u0634\u0627\u0621 \u0645\u0633\u0627\u062d\u0627\u062a \u0645\u0639\u064a\u0634\u064a\u0629 \u062a\u062c\u0639\u0644 \u0623\u062d\u0644\u0627\u0645\u0643 \u062a\u062a\u062d\u0642\u0642!<br><strong>\u0623\u062b\u0627\u062b \u064a\u0648\u064a\u0627<\/strong> \u0646\u062d\u0646 \u0644\u0627 \u0646\u0642\u0648\u0645 \u0641\u0642\u0637 \u0628\u062a\u062c\u0645\u064a\u0644 \u0645\u0646\u0627\u0632\u0644\u0643\u0645\u060c \u0628\u0644 \u0646\u0636\u064a\u0641 \u0623\u064a\u0636\u064b\u0627 \u0627\u0644\u0631\u0627\u062d\u0629 \u0648\u0627\u0644\u062c\u0645\u0627\u0644 \u0648\u0627\u0644\u0633\u0644\u0627\u0645 \u0625\u0644\u0649 \u062d\u064a\u0627\u062a\u0643\u0645.<\/p><p>\u0639\u0644\u0627\u0645\u062a\u0646\u0627 \u0627\u0644\u062a\u062c\u0627\u0631\u064a\u0629\u060c \u0627\u0644\u062a\u064a \u0648\u0644\u062f\u062a \u0641\u064a \u0625\u0633\u0646\u064a\u0648\u0631\u062a\u060c \u0625\u0633\u0637\u0646\u0628\u0648\u0644\u060c \u0627\u0643\u062a\u0633\u0628\u062a \u062b\u0642\u0629 \u0627\u0644\u0622\u0644\u0627\u0641 \u0645\u0646 \u0627\u0644\u0639\u0645\u0644\u0627\u0621 \u0628\u0633\u0631\u0639\u0629 \u0628\u0641\u0636\u0644 \u0645\u062c\u0645\u0648\u0639\u0627\u062a \u0627\u0644\u0623\u062b\u0627\u062b \u0627\u0644\u062d\u062f\u064a\u062b\u0629 \u0648\u0627\u0644\u0623\u0646\u064a\u0642\u0629 \u0648\u0639\u0627\u0644\u064a\u0629 \u0627\u0644\u062c\u0648\u062f\u0629 \u0627\u0644\u062a\u064a \u062a\u0646\u0627\u0633\u0628 \u0643\u0644 \u0627\u0644\u0623\u0630\u0648\u0627\u0642 \u0648\u0627\u0644\u0627\u062d\u062a\u064a\u0627\u062c.<br>\u0628\u0627\u0644\u0646\u0633\u0628\u0629 \u0644\u0646\u0627\u060c \u0627\u0644\u0623\u062b\u0627\u062b \u0644\u064a\u0633 \u0645\u062c\u0631\u062f \u0634\u064a\u0621\u060c \u0628\u0644 \u0647\u0648 \u0631\u0648\u062d \u0627\u0644\u0623\u0645\u0627\u0643\u0646 \u0627\u0644\u062a\u064a \u062a\u0646\u0645\u0648 \u0641\u064a\u0647\u0627 \u0630\u0643\u0631\u064a\u0627\u062a\u0643 \u0648\u062a\u0639\u064a\u0634 \u0644\u062d\u0638\u0627\u062a \u062c\u0645\u064a\u0644\u0629 \u0645\u0639 \u0639\u0627\u0626\u0644\u062a\u0643.<\/p><hr class=\"wp-block-separator has-alpha-channel-opacity\"\/><h2 class=\"wp-block-heading\">\u0642\u0635\u062a\u0646\u0627<\/h2><p>\u062a\u0623\u0633\u0633\u062a \u0641\u064a \u0639\u0627\u0645 2020 \u0628\u062e\u0628\u0631\u0629 \u0645\u0624\u0633\u0633\u064a\u0646\u0627 \u0627\u0644\u062a\u064a \u062a\u0632\u064a\u062f \u0639\u0646 15 \u0639\u0627\u0645\u064b\u0627 \u0641\u064a \u0627\u0644\u0635\u0646\u0627\u0639\u0629 \u0648\u0634\u063a\u0641\u0647\u0645 \u0628\u0631\u0636\u0627 \u0627\u0644\u0639\u0645\u0644\u0627\u0621 <strong>\u0623\u062b\u0627\u062b \u064a\u0648\u064a\u0627<\/strong>,<br>\u0648\u0642\u062f \u062a\u0645 \u0625\u0637\u0644\u0627\u0642\u0647\u0627 \u0628\u0647\u062f\u0641 &quot;\u0625\u0646\u062a\u0627\u062c \u0623\u062b\u0627\u062b \u0645\u062a\u064a\u0646 \u0648\u062c\u0645\u064a\u0644 \u0648\u0633\u0647\u0644 \u0627\u0644\u0648\u0635\u0648\u0644 \u0625\u0644\u064a\u0647&quot;.<br>\u0627\u0644\u064a\u0648\u0645\u060c \u0646\u0639\u0637\u064a \u0627\u0644\u0623\u0648\u0644\u0648\u064a\u0629 \u0644\u0644\u062c\u0648\u062f\u0629 \u0641\u064a \u0643\u0644 \u062e\u0637\u0648\u0629\u060c \u0645\u0646 \u0627\u0644\u062a\u0635\u0645\u064a\u0645 \u0625\u0644\u0649 \u0627\u0644\u0625\u0646\u062a\u0627\u062c\u060c \u0648\u0645\u0646 \u0627\u0644\u0645\u0628\u064a\u0639\u0627\u062a \u0625\u0644\u0649 \u062f\u0639\u0645 \u0645\u0627 \u0628\u0639\u062f \u0627\u0644\u0628\u064a\u0639.<\/p><p>\u0643\u0644 \u0645\u0646\u062a\u062c\u0627\u062a\u0646\u0627\u061b \u062a\u0646\u0628\u0636 \u0628\u0627\u0644\u062d\u064a\u0627\u0629 \u0628\u0641\u0636\u0644 \u0627\u0644\u0645\u0648\u0627\u062f \u0627\u0644\u0645\u062e\u062a\u0627\u0631\u0629 \u0628\u0639\u0646\u0627\u064a\u0629 \u0648\u0627\u0644\u062a\u0635\u0645\u064a\u0645\u0627\u062a \u0627\u0644\u0623\u0635\u0644\u064a\u0629 \u0648\u0627\u0644\u0635\u0646\u0627\u0639\u0629 \u0627\u0644\u062f\u0642\u064a\u0642\u0629.<\/p><hr class=\"wp-block-separator has-alpha-channel-opacity\"\/><h2 class=\"wp-block-heading\">\u0631\u0624\u064a\u062a\u0646\u0627<\/h2><p><strong>\u0623\u0646 \u0646\u0643\u0648\u0646 \u0648\u0627\u062d\u062f\u0629 \u0645\u0646 \u0627\u0644\u0639\u0644\u0627\u0645\u0627\u062a \u0627\u0644\u062a\u062c\u0627\u0631\u064a\u0629 \u0644\u0644\u0623\u062b\u0627\u062b \u0627\u0644\u0623\u0643\u062b\u0631 \u0645\u0648\u062b\u0648\u0642\u064a\u0629 \u0648\u0634\u0639\u0628\u064a\u0629 \u0641\u064a \u062a\u0631\u0643\u064a\u0627 \u0648\u0627\u0644\u0639\u0627\u0644\u0645.<\/strong><br>\u0639\u0646\u062f \u062a\u062c\u062f\u064a\u062f \u0645\u0633\u0627\u062d\u0627\u062a \u0627\u0644\u0645\u0639\u064a\u0634\u0629 \u0627\u0644\u062e\u0627\u0635\u0629 \u0628\u0643\u060c \u0641\u0625\u0646\u0646\u0627 \u0646\u0647\u062f\u0641 \u0625\u0644\u0649 \u0623\u0646 \u0646\u0642\u062f\u0645 \u0644\u0643 \u0644\u064a\u0633 \u0641\u0642\u0637 \u0627\u0644\u0623\u062b\u0627\u062b \u0648\u0644\u0643\u0646 \u0623\u064a\u0636\u064b\u0627 \u0627\u0644\u0633\u0639\u0627\u062f\u0629 \u0648\u0627\u0644\u0633\u0644\u0627\u0645.<\/p><hr class=\"wp-block-separator has-alpha-channel-opacity\"\/><h2 class=\"wp-block-heading\">\u0645\u0647\u0645\u062a\u0646\u0627<\/h2><ul class=\"wp-block-list\"><li>\u062a\u0648\u0641\u064a\u0631 \u062d\u0644\u0648\u0644 \u0623\u062b\u0627\u062b \u0639\u0627\u0644\u064a\u0629 \u0627\u0644\u062c\u0648\u062f\u0629 \u0648\u062c\u0645\u0627\u0644\u064a\u0629 \u0648\u0648\u0638\u064a\u0641\u064a\u0629<\/li>\n\n<li>\u0627\u0644\u062d\u0641\u0627\u0638 \u0639\u0644\u0649 \u0631\u0636\u0627 \u0627\u0644\u0639\u0645\u0644\u0627\u0621 \u0641\u0648\u0642 \u0643\u0644 \u0634\u064a\u0621<\/li>\n\n<li>\u0627\u0644\u062a\u062d\u0633\u064a\u0646 \u0627\u0644\u0645\u0633\u062a\u0645\u0631 \u0645\u0639 \u0646\u0647\u062c \u0627\u0644\u062a\u0635\u0645\u064a\u0645 \u0627\u0644\u0645\u0628\u062a\u0643\u0631<\/li>\n\n<li>\u0627\u0644\u0639\u0645\u0644 \u0645\u0639 \u0639\u0645\u0644\u064a\u0627\u062a \u0627\u0644\u0625\u0646\u062a\u0627\u062c \u0627\u0644\u062a\u064a \u062a\u062d\u062a\u0631\u0645 \u0627\u0644\u0637\u0628\u064a\u0639\u0629 \u0648\u0627\u0644\u0628\u064a\u0626\u0629<\/li>\n\n<li>\u0644\u0636\u0645\u0627\u0646 \u062d\u0635\u0648\u0644 \u0627\u0644\u062c\u0645\u064a\u0639 \u0639\u0644\u0649 \u0623\u062b\u0627\u062b \u0639\u0627\u0644\u064a \u0627\u0644\u062c\u0648\u062f\u0629 \u0648\u0628\u0623\u0633\u0639\u0627\u0631 \u0645\u0639\u0642\u0648\u0644\u0629.<\/li><\/ul><hr class=\"wp-block-separator has-alpha-channel-opacity\"\/><h2 class=\"wp-block-heading\">\u0642\u064a\u0645\u0646\u0627<\/h2><ul class=\"wp-block-list\"><li><strong>\u064a\u062b\u0642:<\/strong> \u0646\u062d\u0646 \u0646\u062a\u0648\u0627\u0635\u0644 \u0628\u0634\u0641\u0627\u0641\u064a\u0629 \u0648\u0635\u062f\u0642 \u0641\u064a \u062c\u0645\u064a\u0639 \u0639\u0645\u0644\u064a\u0627\u062a\u0646\u0627.<\/li>\n\n<li><strong>\u062c\u0648\u062f\u0629:<\/strong> \u0646\u062d\u0646 \u0646\u0639\u062a\u0645\u062f \u0623\u0639\u0644\u0649 \u0645\u0639\u0627\u064a\u064a\u0631 \u0627\u0644\u062c\u0648\u062f\u0629 \u0641\u064a \u0627\u0644\u0645\u0648\u0627\u062f \u0648\u0627\u0644\u0635\u0646\u0627\u0639\u0629 \u0641\u064a \u0645\u0646\u062a\u062c\u0627\u062a\u0646\u0627.<\/li>\n\n<li><strong>\u0627\u0644\u062a\u0631\u0643\u064a\u0632 \u0639\u0644\u0649 \u0627\u0644\u0639\u0645\u0644\u0627\u0621:<\/strong> \u0646\u062d\u0646 \u0646\u0633\u062a\u0645\u0639 \u0625\u0644\u0649 \u0627\u062d\u062a\u064a\u0627\u062c\u0627\u062a \u0639\u0645\u0644\u0627\u0626\u0646\u0627 \u0648\u0646\u0642\u062f\u0645 \u0644\u0647\u0645 \u0627\u0644\u062d\u0644\u0648\u0644 \u0627\u0644\u0623\u0643\u062b\u0631 \u0645\u0644\u0627\u0621\u0645\u0629.<\/li>\n\n<li><strong>\u062c\u0645\u0627\u0644\u064a:<\/strong> \u0625\u0644\u0649 \u062c\u0627\u0646\u0628 \u0627\u0644\u0648\u0638\u064a\u0641\u0629\u060c \u0641\u0625\u0646\u0646\u0627 \u0646\u0639\u0637\u064a \u0627\u0644\u0623\u0648\u0644\u0648\u064a\u0629 \u0644\u0644\u0623\u0646\u0627\u0642\u0629 \u0648\u0627\u0644\u0623\u0633\u0644\u0648\u0628.<\/li>\n\n<li><strong>\u0627\u0644\u0627\u0633\u062a\u062f\u0627\u0645\u0629:<\/strong> \u0646\u062d\u0646 \u0646\u062d\u0631\u0635 \u0639\u0644\u0649 \u062d\u0645\u0627\u064a\u0629 \u0627\u0644\u0628\u064a\u0626\u0629 \u0641\u064a \u0639\u0645\u0644\u064a\u0627\u062a \u0627\u0644\u0625\u0646\u062a\u0627\u062c \u0648\u0627\u0644\u062a\u0639\u0628\u0626\u0629 \u0648\u0627\u0644\u062a\u063a\u0644\u064a\u0641 \u0644\u062f\u064a\u0646\u0627.<\/li><\/ul><hr class=\"wp-block-separator has-alpha-channel-opacity\"\/><h2 class=\"wp-block-heading\">\u0645\u062c\u0645\u0648\u0639\u0629 \u0645\u0646\u062a\u062c\u0627\u062a\u0646\u0627<\/h2><p>\u0628\u0627\u0639\u062a\u0628\u0627\u0631\u0646\u0627 \u0634\u0631\u0643\u0629 Yuya Furniture\u060c \u0641\u0625\u0646\u0646\u0627 \u0646\u0642\u062f\u0645 \u062e\u064a\u0627\u0631\u0627\u062a \u0634\u0627\u0645\u0644\u0629 \u0648\u0641\u0631\u064a\u062f\u0629 \u0644\u0645\u0633\u0627\u062d\u0627\u062a \u0627\u0644\u0645\u0639\u064a\u0634\u0629 \u0627\u0644\u062e\u0627\u0635\u0629 \u0628\u0643:<\/p><ul class=\"wp-block-list\"><li><strong>\u0645\u062c\u0645\u0648\u0639\u0627\u062a \u063a\u0631\u0641 \u0627\u0644\u0646\u0648\u0645<\/strong><\/li>\n\n<li><strong>\u0645\u062c\u0645\u0648\u0639\u0627\u062a \u0627\u0644\u062c\u0644\u0648\u0633<\/strong><\/li>\n\n<li><strong>\u0645\u062c\u0645\u0648\u0639\u0627\u062a \u063a\u0631\u0641\u0629 \u0627\u0644\u0637\u0639\u0627\u0645<\/strong><\/li>\n\n<li><strong>\u0648\u062d\u062f\u0627\u062a \u0627\u0644\u062a\u0644\u0641\u0632\u064a\u0648\u0646 \u0648\u0623\u062c\u0647\u0632\u0629 \u0627\u0644\u062a\u062d\u0643\u0645<\/strong><\/li>\n\n<li><strong>\u0627\u0644\u0625\u0643\u0633\u0633\u0648\u0627\u0631\u0627\u062a \u0648\u0627\u0644\u0645\u0646\u062a\u062c\u0627\u062a \u0627\u0644\u0632\u062e\u0631\u0641\u064a\u0629<\/strong><\/li>\n\n<li><strong>\u062a\u0635\u0645\u064a\u0645\u0627\u062a \u0623\u062b\u0627\u062b \u0645\u062e\u0635\u0635\u0629<\/strong><\/li><\/ul><p>\u0643\u0644 \u0633\u0644\u0633\u0644\u0629 \u0645\u0646 \u0645\u0646\u062a\u062c\u0627\u062a\u0646\u0627\u061b \u064a\u062c\u0645\u0639 \u0628\u064a\u0646 \u0627\u0644\u062c\u0645\u0627\u0644\u064a\u0629 \u0648\u0627\u0644\u0631\u0627\u062d\u0629 \u0648\u0627\u0644\u0645\u062a\u0627\u0646\u0629.<\/p><hr class=\"wp-block-separator has-alpha-channel-opacity\"\/><h2 class=\"wp-block-heading\">\u0644\u0645\u0627\u0630\u0627 \u064a\u0648\u064a\u0627 \u0644\u0644\u0623\u062b\u0627\u062b\u061f<\/h2><ul class=\"wp-block-list\"><li>%100 MDF ve kaliteli do\u011fal malzeme kullan\u0131m\u0131<\/li>\n\n<li>\u062a\u0635\u0627\u0645\u064a\u0645 \u062d\u062f\u064a\u062b\u0629 \u0648\u062e\u0627\u0644\u062f\u0629<\/li>\n\n<li>\u0623\u0633\u0639\u0627\u0631 \u0645\u0639\u0642\u0648\u0644\u0629 \u0648\u062e\u064a\u0627\u0631\u0627\u062a \u0627\u0644\u062a\u0642\u0633\u064a\u0637<\/li>\n\n<li>\u062a\u0648\u0635\u064a\u0644 \u0622\u0645\u0646 \u0641\u064a \u062c\u0645\u064a\u0639 \u0623\u0646\u062d\u0627\u0621 \u062a\u0631\u0643\u064a\u0627<\/li>\n\n<li>\u0627\u0644\u062a\u062b\u0628\u064a\u062a \u0627\u0644\u0627\u062d\u062a\u0631\u0627\u0641\u064a \u0648\u062f\u0639\u0645 \u0645\u0627 \u0628\u0639\u062f \u0627\u0644\u0628\u064a\u0639<\/li>\n\n<li>\u0646\u0647\u062c \u0627\u0644\u062e\u062f\u0645\u0629 \u0627\u0644\u0630\u064a \u064a\u0631\u0643\u0632 \u0639\u0644\u0649 \u0631\u0636\u0627 \u0627\u0644\u0639\u0645\u0644\u0627\u0621<\/li><\/ul><hr class=\"wp-block-separator has-alpha-channel-opacity\"\/><h2 class=\"wp-block-heading\">\u0627\u062a\u0635\u0644 \u0628\u0646\u0627<\/h2><p>\u0646\u062d\u0646 \u0647\u0646\u0627 \u0644\u062a\u0635\u0645\u064a\u0645 \u0645\u0633\u0627\u062d\u0629 \u0627\u0644\u0645\u0639\u064a\u0634\u0629 \u0627\u0644\u062e\u0627\u0635\u0629 \u0628\u0643 \u0645\u0639\u064b\u0627!<br>\u0646\u062d\u0646 \u0639\u0644\u0649 \u0628\u0639\u062f \u0646\u0642\u0631\u0629 \u0648\u0627\u062d\u062f\u0629 \u0641\u0642\u0637:<\/p><p>\ud83d\udcde <strong>\u0627\u0644\u0647\u0627\u062a\u0641:<\/strong> +90 531 262 36 40<br>\ud83d\udce7 <strong>\u0628\u0631\u064a\u062f \u0625\u0644\u0643\u062a\u0631\u0648\u0646\u064a:<\/strong> <a class=\"\">info@yuyamobilya.com<\/a><br>\ud83d\udccd <strong>\u0639\u0646\u0648\u0627\u0646:<\/strong> \u0645\u0646\u0637\u0642\u0629 \u062c\u0648\u0632\u0644\u064a\u0648\u0631\u062a\u060c 2128. \u0634\u0627\u0631\u0639 \u0631\u0642\u0645: 6J\u060c \u0627\u0633\u0646\u064a\u0648\u0631\u062a \/ \u0627\u0633\u0637\u0646\u0628\u0648\u0644\u060c \u062a\u0631\u0643\u064a\u0627<\/p><hr class=\"wp-block-separator has-alpha-channel-opacity\"\/><h3 class=\"wp-block-heading\">\u064a\u0648\u064a\u0627 \u0644\u0644\u0623\u062b\u0627\u062b \u2013 <strong>\u0646\u062d\u0646 \u0646\u062c\u0644\u0628 \u0623\u062d\u0644\u0627\u0645\u0643 \u0625\u0644\u0649 \u0645\u0633\u0627\u062d\u0629 \u0627\u0644\u0645\u0639\u064a\u0634\u0629 \u0627\u0644\u062e\u0627\u0635\u0629 \u0628\u0643.<\/strong><\/h3>","protected":false},"excerpt":{"rendered":"<p>Yuya Mobilya\u2019ya Ho\u015f Geldiniz Hayallerinizi ger\u00e7e\u011fe d\u00f6n\u00fc\u015ft\u00fcren ya\u015fam alanlar\u0131 i\u00e7in yola \u00e7\u0131kt\u0131k!Yuya Mobilya olarak, evlerinizi sadece g\u00fczelle\u015ftirmekle kalm\u0131yor, ya\u015fam\u0131n\u0131za konfor, estetik ve huzur kat\u0131yoruz. \u0130stanbul Esenyurt&#8217;ta do\u011fan markam\u0131z, her zevke ve ihtiyaca hitap eden modern, \u015f\u0131k ve kaliteli mobilya koleksiyonlar\u0131yla k\u0131sa s\u00fcrede binlerce m\u00fc\u015fterimizin g\u00fcvenini kazand\u0131.Bizim i\u00e7in mobilya sadece bir e\u015fya de\u011fil, an\u0131lar\u0131n\u0131z\u0131n b\u00fcy\u00fcd\u00fc\u011f\u00fc, ailenizle [&hellip;]<\/p>","protected":false},"author":1,"featured_media":0,"parent":0,"menu_order":0,"comment_status":"closed","ping_status":"closed","template":"","meta":{"footnotes":""},"class_list":["post-19975","page","type-page","status-publish","hentry"],"_links":{"self":[{"href":"https:\/\/www.yuyamobilya.com\/ar\/wp-json\/wp\/v2\/pages\/19975","targetHints":{"allow":["GET"]}}],"collection":[{"href":"https:\/\/www.yuyamobilya.com\/ar\/wp-json\/wp\/v2\/pages"}],"about":[{"href":"https:\/\/www.yuyamobilya.com\/ar\/wp-json\/wp\/v2\/types\/page"}],"author":[{"embeddable":true,"href":"https:\/\/www.yuyamobilya.com\/ar\/wp-json\/wp\/v2\/users\/1"}],"replies":[{"embeddable":true,"href":"https:\/\/www.yuyamobilya.com\/ar\/wp-json\/wp\/v2\/comments?post=19975"}],"version-history":[{"count":1,"href":"https:\/\/www.yuyamobilya.com\/ar\/wp-json\/wp\/v2\/pages\/19975\/revisions"}],"predecessor-version":[{"id":19976,"href":"https:\/\/www.yuyamobilya.com\/ar\/wp-json\/wp\/v2\/pages\/19975\/revisions\/19976"}],"wp:attachment":[{"href":"https:\/\/www.yuyamobilya.com\/ar\/wp-json\/wp\/v2\/media?parent=19975"}],"curies":[{"name":"wp","href":"https:\/\/api.w.org\/{rel}","templated":true}]}}