{"id":19965,"date":"2025-04-22T02:04:16","date_gmt":"2025-04-22T02:04:16","guid":{"rendered":"https:\/\/www.yuyamobilya.com\/?page_id=19965"},"modified":"2025-04-22T02:04:17","modified_gmt":"2025-04-22T02:04:17","slug":"iade-ve-degisim-kosullari","status":"publish","type":"page","link":"https:\/\/www.yuyamobilya.com\/ar\/iade-ve-degisim-kosullari\/","title":{"rendered":"\u0634\u0631\u0648\u0637 \u0627\u0644\u0627\u0633\u062a\u0631\u062c\u0627\u0639 \u0648\u0627\u0644\u0627\u0633\u062a\u0628\u062f\u0627\u0644"},"content":{"rendered":"<p>\u0628\u0627\u0639\u062a\u0628\u0627\u0631\u0646\u0627 \u0634\u0631\u0643\u0629 Yuya Furniture\u060c \u0641\u0625\u0646\u0646\u0627 \u0646\u0636\u0639 \u062f\u0627\u0626\u0645\u064b\u0627 \u0631\u0636\u0627 \u0639\u0645\u0644\u0627\u0626\u0646\u0627 \u0627\u0644\u0643\u0631\u0627\u0645 \u0641\u064a \u0627\u0644\u0645\u0642\u0627\u0645 \u0627\u0644\u0623\u0648\u0644. \u0646\u0631\u062c\u0648 \u0645\u0646\u0643\u0645 \u0645\u0631\u0627\u0639\u0627\u0629 \u0627\u0644\u0634\u0631\u0648\u0637 \u0627\u0644\u062a\u0627\u0644\u064a\u0629 \u0639\u0646\u062f \u0625\u0631\u062c\u0627\u0639 \u0623\u0648 \u0627\u0633\u062a\u0628\u062f\u0627\u0644 \u0627\u0644\u0645\u0646\u062a\u062c\u0627\u062a \u0627\u0644\u062a\u064a \u0642\u0645\u062a\u0645 \u0628\u0634\u0631\u0627\u0626\u0647\u0627.<\/p><h2 class=\"wp-block-heading\">\u0627\u0644\u0634\u0631\u0648\u0637 \u0627\u0644\u0639\u0627\u0645\u0629 \u0644\u0644\u0625\u0631\u062c\u0627\u0639 \u0648\u0627\u0644\u0627\u0633\u062a\u0628\u062f\u0627\u0644<\/h2><ul class=\"wp-block-list\"><li>\u0645\u0646 \u062a\u0627\u0631\u064a\u062e \u0627\u0644\u062a\u0633\u0644\u064a\u0645 <strong>7 \u0623\u064a\u0627\u0645 \u0639\u0645\u0644<\/strong> \u064a\u0645\u0643\u0646\u0643 \u0637\u0644\u0628 \u0627\u0633\u062a\u0631\u062f\u0627\u062f \u0627\u0644\u0645\u0628\u0644\u063a \u0623\u0648 \u0627\u0644\u0627\u0633\u062a\u0628\u062f\u0627\u0644 \u062e\u0644\u0627\u0644 .<\/li>\n\n<li>\u064a\u062c\u0628 \u0623\u0646 \u062a\u0643\u0648\u0646 \u0627\u0644\u0645\u0646\u062a\u062c\u0627\u062a \u0627\u0644\u0645\u0631\u0627\u062f \u0625\u0631\u062c\u0627\u0639\u0647\u0627 \u0623\u0648 \u0627\u0633\u062a\u0628\u062f\u0627\u0644\u0647\u0627 \u063a\u064a\u0631 \u0645\u0633\u062a\u062e\u062f\u0645\u0629 \u0648\u063a\u064a\u0631 \u062a\u0627\u0644\u0641\u0629 \u0648\u0641\u064a \u0639\u0628\u0648\u062a\u0647\u0627 \u0627\u0644\u0623\u0635\u0644\u064a\u0629 \u0648\u0643\u0627\u0645\u0644\u0629.<\/li>\n\n<li>\u0641\u064a \u0637\u0644\u0628 \u0627\u0644\u0625\u0631\u062c\u0627\u0639 \u0623\u0648 \u0627\u0644\u0627\u0633\u062a\u0628\u062f\u0627\u0644\u060c \u064a\u062c\u0628 \u062a\u0642\u062f\u064a\u0645 \u0627\u0644\u0641\u0627\u062a\u0648\u0631\u0629 \u0627\u0644\u0623\u0635\u0644\u064a\u0629 \u0645\u0639 \u0627\u0644\u0645\u0646\u062a\u062c.<\/li><\/ul><h2 class=\"wp-block-heading\">\u0627\u0644\u0645\u0646\u062a\u062c\u0627\u062a \u063a\u064a\u0631 \u0627\u0644\u0642\u0627\u0628\u0644\u0629 \u0644\u0644\u0625\u0631\u062c\u0627\u0639<\/h2><ul class=\"wp-block-list\"><li>\u0645\u0646\u062a\u062c\u0627\u062a \u0645\u062e\u0635\u0635\u0629 \u062a\u0645 \u0625\u0646\u062a\u0627\u062c\u0647\u0627 \u0628\u062a\u0641\u0636\u064a\u0644\u0627\u062a \u062e\u0627\u0635\u0629 \u0641\u064a \u0627\u0644\u062d\u062c\u0645 \u0648\u0627\u0644\u0644\u0648\u0646 \u0648\u0627\u0644\u0642\u0645\u0627\u0634\u060c<\/li>\n\n<li>\u0627\u0644\u0645\u0646\u062a\u062c\u0627\u062a \u0627\u0644\u062a\u064a \u062a\u0645 \u062a\u0631\u0643\u064a\u0628\u0647\u0627 \u0623\u0648 \u0627\u0633\u062a\u062e\u062f\u0627\u0645\u0647\u0627 \u0623\u0648 \u062a\u062c\u0645\u064a\u0639\u0647\u0627\u060c<\/li>\n\n<li>\u0627\u0644\u0645\u0646\u062a\u062c\u0627\u062a \u0627\u0644\u062a\u064a \u062a\u0639\u0631\u0636\u062a \u0644\u0644\u062a\u0634\u0648\u0647 \u0623\u0648 \u0627\u0644\u0643\u0633\u0631 \u0623\u0648 \u0627\u0644\u062e\u062f\u0648\u0634 \u0648\u0645\u0627 \u0625\u0644\u0649 \u0630\u0644\u0643 \u0628\u0633\u0628\u0628 \u062e\u0637\u0623 \u0627\u0644\u0645\u0633\u062a\u062e\u062f\u0645\u060c<br>\u0644\u0627 \u064a\u062a\u0645 \u062a\u0636\u0645\u064a\u0646\u0647\u0627 \u0641\u064a \u0646\u0637\u0627\u0642 \u0627\u0644\u0625\u0631\u062c\u0627\u0639.<\/li><\/ul><h2 class=\"wp-block-heading\">\u0639\u0645\u0644\u064a\u0629 \u0627\u0644\u0625\u0631\u062c\u0627\u0639 \u0648\u0627\u0644\u0627\u0633\u062a\u0628\u062f\u0627\u0644<\/h2><ol class=\"wp-block-list\"><li>\u064a\u0645\u0643\u0646\u0643 \u062a\u0642\u062f\u064a\u0645 \u0637\u0644\u0628 \u0627\u0644\u0625\u0631\u062c\u0627\u0639 \u0623\u0648 \u0627\u0644\u0627\u0633\u062a\u0628\u062f\u0627\u0644 \u062e\u0644\u0627\u0644 7 \u0623\u064a\u0627\u0645 \u0639\u0645\u0644 \u0645\u0646 \u062a\u0627\u0631\u064a\u062e \u0627\u0644\u062a\u0633\u0644\u064a\u0645. <strong><a class=\"\">info@yuyamobilya.com<\/a><\/strong> \u0625\u0644\u0649 \u0639\u0646\u0648\u0627\u0646\u0643 \u0623\u0648 <strong>+90 531 262 36 40<\/strong> \u064a\u0645\u0643\u0646\u0643 \u062a\u0648\u062c\u064a\u0647 \u0623\u0633\u0626\u0644\u062a\u0643 \u0625\u0644\u0649 \u0645\u0645\u062b\u0644 \u062e\u062f\u0645\u0629 \u0627\u0644\u0639\u0645\u0644\u0627\u0621 \u0644\u062f\u064a\u0646\u0627 \u0639\u0628\u0631 \u0631\u0642\u0645 \u0627\u0644\u0647\u0627\u062a\u0641.<\/li>\n\n<li>\u0628\u0639\u062f \u0627\u0644\u0645\u0648\u0627\u0641\u0642\u0629 \u0639\u0644\u0649 \u0637\u0644\u0628\u0643\u060c \u064a\u062c\u0628 \u0623\u0646 \u064a\u062a\u0645 \u062a\u0633\u0644\u064a\u0645 \u0627\u0644\u0645\u0646\u062a\u062c \u0625\u0644\u0649 Yuya Mobilya \u0639\u0646 \u0637\u0631\u064a\u0642 \u0634\u0631\u0643\u0629 \u0627\u0644\u0634\u062d\u0646 \u0623\u0648 \u0627\u0644\u0634\u062d\u0646 \u0627\u0644\u062a\u064a \u0646\u062d\u062f\u062f\u0647\u0627.<\/li>\n\n<li>\u0628\u0639\u062f \u0648\u0635\u0648\u0644 \u0627\u0644\u0645\u0646\u062a\u062c \u0625\u0644\u064a\u0646\u0627\u060c \u0625\u0630\u0627 \u0643\u0627\u0646 \u0645\u062a\u0648\u0627\u0641\u0642\u064b\u0627 \u0645\u0639 \u0634\u0631\u0648\u0637 \u0627\u0644\u0625\u0631\u062c\u0627\u0639\/\u0627\u0644\u0627\u0633\u062a\u0628\u062f\u0627\u0644 \u0646\u062a\u064a\u062c\u0629 \u0627\u0644\u0641\u062d\u0635\u060c \u062a\u0628\u062f\u0623 \u0627\u0644\u0639\u0645\u0644\u064a\u0629.<\/li>\n\n<li>\u0639\u0646\u062f \u0627\u0644\u0645\u0648\u0627\u0641\u0642\u0629 \u0639\u0644\u0649 \u0627\u0644\u0625\u0631\u062c\u0627\u0639\u060c \u0633\u064a\u062a\u0645 \u0627\u0633\u062a\u0631\u062f\u0627\u062f \u0633\u0639\u0631 \u0627\u0644\u0645\u0646\u062a\u062c \u0625\u0644\u064a\u0643 \u062e\u0644\u0627\u0644 14 \u064a\u0648\u0645 \u0639\u0645\u0644 \u0628\u0627\u0633\u062a\u062e\u062f\u0627\u0645 \u0646\u0641\u0633 \u0637\u0631\u064a\u0642\u0629 \u0627\u0644\u062f\u0641\u0639 \u0627\u0644\u062a\u064a \u0627\u0633\u062a\u062e\u062f\u0645\u062a\u0647\u0627.<\/li><\/ol><h2 class=\"wp-block-heading\">\u0631\u0633\u0648\u0645 \u0634\u062d\u0646 \u0627\u0644\u0625\u0631\u062c\u0627\u0639 \u0648\u0627\u0644\u0627\u0633\u062a\u0628\u062f\u0627\u0644<\/h2><ul class=\"wp-block-list\"><li>\u0641\u064a \u062d\u0627\u0644\u0629 \u0648\u062c\u0648\u062f \u0639\u064a\u0628 \u0641\u064a \u0627\u0644\u0645\u0646\u062a\u062c \u0623\u0648 \u0645\u0634\u0643\u0644\u0629 \u0646\u0627\u062c\u0645\u0629 \u0639\u0646 \u0627\u0644\u0625\u0646\u062a\u0627\u062c\u060c \u0641\u0625\u0646 \u062a\u0643\u0627\u0644\u064a\u0641 \u0634\u062d\u0646 \u0627\u0644\u0625\u0631\u062c\u0627\u0639\/\u0627\u0644\u0627\u0633\u062a\u0628\u062f\u0627\u0644 \u062a\u0642\u0639 \u0639\u0644\u0649 \u0639\u0627\u062a\u0642 \u0634\u0631\u0643\u0629 Yuya Mobilya.<\/li>\n\n<li>\u0628\u0627\u0644\u0646\u0633\u0628\u0629 \u0644\u062c\u0645\u064a\u0639 \u0639\u0645\u0644\u064a\u0627\u062a \u0627\u0644\u0625\u0631\u062c\u0627\u0639 \u0648\u0627\u0644\u0627\u0633\u062a\u0628\u062f\u0627\u0644 \u0627\u0644\u0623\u062e\u0631\u0649\u060c \u0641\u0625\u0646 \u0631\u0633\u0648\u0645 \u0627\u0644\u0634\u062d\u0646 \u0647\u064a \u0645\u0633\u0624\u0648\u0644\u064a\u0629 \u0627\u0644\u0639\u0645\u064a\u0644.<\/li><\/ul><h2 class=\"wp-block-heading\">\u0627\u0644\u0625\u0628\u0644\u0627\u063a \u0639\u0646 \u062a\u0644\u0641 \u0627\u0644\u0645\u0646\u062a\u062c \u0648\u0627\u0644\u0623\u062c\u0632\u0627\u0621 \u0627\u0644\u0645\u0641\u0642\u0648\u062f\u0629<\/h2><ul class=\"wp-block-list\"><li>\u0625\u0630\u0627 \u0627\u0643\u062a\u0634\u0641\u062a \u0648\u062c\u0648\u062f \u0623\u064a \u0636\u0631\u0631 \u0623\u0648 \u0623\u062c\u0632\u0627\u0621 \u0645\u0641\u0642\u0648\u062f\u0629 \u0623\u0648 \u0645\u0646\u062a\u062c \u062e\u0627\u0637\u0626 \u0641\u064a \u0645\u0646\u062a\u062c\u0643 \u0623\u062b\u0646\u0627\u0621 \u0627\u0644\u062a\u0633\u0644\u064a\u0645\u060c \u0641\u062a\u0623\u0643\u062f \u0645\u0646 \u0625\u062e\u0637\u0627\u0631 \u0645\u0648\u0638\u0641 \u0627\u0644\u062a\u0648\u0635\u064a\u0644 \u0639\u0646\u062f \u0627\u0633\u062a\u0644\u0627\u0645 \u0627\u0644\u0645\u0646\u062a\u062c. <strong>\u062a\u0642\u0631\u064a\u0631 \u062a\u0642\u064a\u064a\u0645 \u0627\u0644\u0623\u0636\u0631\u0627\u0631<\/strong> \u062b\u0628\u062a\u0647.<\/li>\n\n<li>\u0634\u0631\u0643\u062a\u0646\u0627 \u0644\u064a\u0633\u062a \u0645\u0633\u0624\u0648\u0644\u0629 \u0639\u0646 \u0627\u0644\u0623\u0636\u0631\u0627\u0631 \u0627\u0644\u0646\u0627\u062c\u0645\u0629 \u0639\u0646 \u0627\u0644\u0628\u0636\u0627\u0626\u0639 \u0644\u0644\u0645\u0646\u062a\u062c\u0627\u062a \u0627\u0644\u062a\u064a \u0644\u0645 \u064a\u062a\u0645 \u0627\u0644\u0627\u062d\u062a\u0641\u0627\u0638 \u0628\u062a\u0642\u0631\u064a\u0631 \u0639\u0646\u0647\u0627.<\/li><\/ul><hr class=\"wp-block-separator has-alpha-channel-opacity\"\/><p><strong>\u0645\u0639\u0644\u0648\u0645\u0627\u062a \u0627\u0644\u0627\u062a\u0635\u0627\u0644 \u0627\u0644\u062e\u0627\u0635\u0629 \u0628\u0646\u0627:<\/strong><br>\ud83d\udcde +90 531 262 36 40<br>\ud83d\udce7 <a class=\"\">info@yuyamobilya.com<\/a><br>\ud83d\udccd\u062d\u064a \u062c\u0648\u0632\u0644\u064a\u0648\u0631\u062a\u060c 2128. \u0634\u0627\u0631\u0639 \u0631\u0642\u0645:6J\u060c \u0627\u0633\u0646\u064a\u0648\u0631\u062a \/ \u0627\u0633\u0637\u0646\u0628\u0648\u0644\u060c \u062a\u0631\u0643\u064a\u0627<\/p>","protected":false},"excerpt":{"rendered":"<p>Yuya Mobilya olarak, siz de\u011ferli m\u00fc\u015fterilerimizin memnuniyetini her zaman \u00f6n planda tutuyoruz. Sat\u0131n ald\u0131\u011f\u0131n\u0131z \u00fcr\u00fcnlerle ilgili iade ve de\u011fi\u015fim i\u015flemleri i\u00e7in a\u015fa\u011f\u0131daki ko\u015fullar\u0131 dikkate alman\u0131z\u0131 rica ederiz. Genel \u0130ade ve De\u011fi\u015fim \u015eartlar\u0131 \u0130ade Edilemeyen \u00dcr\u00fcnler \u0130ade ve De\u011fi\u015fim S\u00fcreci \u0130ade ve De\u011fi\u015fim Kargo \u00dccretleri \u00dcr\u00fcn Hasar\u0131 ve Eksik Par\u00e7a Bildirimi \u0130leti\u015fim Bilgilerimiz:&#x1f4de; +90 531 262 [&hellip;]<\/p>","protected":false},"author":1,"featured_media":0,"parent":0,"menu_order":0,"comment_status":"closed","ping_status":"closed","template":"","meta":{"footnotes":""},"class_list":["post-19965","page","type-page","status-publish","hentry"],"_links":{"self":[{"href":"https:\/\/www.yuyamobilya.com\/ar\/wp-json\/wp\/v2\/pages\/19965","targetHints":{"allow":["GET"]}}],"collection":[{"href":"https:\/\/www.yuyamobilya.com\/ar\/wp-json\/wp\/v2\/pages"}],"about":[{"href":"https:\/\/www.yuyamobilya.com\/ar\/wp-json\/wp\/v2\/types\/page"}],"author":[{"embeddable":true,"href":"https:\/\/www.yuyamobilya.com\/ar\/wp-json\/wp\/v2\/users\/1"}],"replies":[{"embeddable":true,"href":"https:\/\/www.yuyamobilya.com\/ar\/wp-json\/wp\/v2\/comments?post=19965"}],"version-history":[{"count":1,"href":"https:\/\/www.yuyamobilya.com\/ar\/wp-json\/wp\/v2\/pages\/19965\/revisions"}],"predecessor-version":[{"id":19966,"href":"https:\/\/www.yuyamobilya.com\/ar\/wp-json\/wp\/v2\/pages\/19965\/revisions\/19966"}],"wp:attachment":[{"href":"https:\/\/www.yuyamobilya.com\/ar\/wp-json\/wp\/v2\/media?parent=19965"}],"curies":[{"name":"wp","href":"https:\/\/api.w.org\/{rel}","templated":true}]}}