{"id":1613,"date":"2015-02-03T14:49:09","date_gmt":"2015-02-03T14:49:09","guid":{"rendered":"http:\/\/www.yuyamobilya.com\/?page_id=1613"},"modified":"2025-04-22T02:32:57","modified_gmt":"2025-04-22T02:32:57","slug":"iletisim","status":"publish","type":"page","link":"https:\/\/www.yuyamobilya.com\/ar\/iletisim\/","title":{"rendered":"\u062a\u0648\u0627\u0635\u0644"},"content":{"rendered":"<div data-elementor-type=\"wp-page\" data-elementor-id=\"1613\" class=\"elementor elementor-1613\" data-elementor-post-type=\"page\">\n\t\t\t\t\t\t<section class=\"elementor-section elementor-top-section elementor-element elementor-element-e6dc959 elementor-section-full_width elementor-section-stretched elementor-section-height-default elementor-section-height-default\" data-id=\"e6dc959\" data-element_type=\"section\" data-settings=\"{&quot;stretch_section&quot;:&quot;section-stretched&quot;}\">\n\t\t\t\t\t\t<div class=\"elementor-container elementor-column-gap-no\">\n\t\t\t\t\t<div class=\"elementor-column elementor-col-100 elementor-top-column elementor-element elementor-element-232c909\" data-id=\"232c909\" data-element_type=\"column\">\n\t\t\t<div class=\"elementor-widget-wrap elementor-element-populated\">\n\t\t\t\t\t\t<div class=\"elementor-element elementor-element-a264027 elementor-widget elementor-widget-google_maps\" data-id=\"a264027\" data-element_type=\"widget\" data-widget_type=\"google_maps.default\">\n\t\t\t\t<div class=\"elementor-widget-container\">\n\t\t\t\t\t\t\t<div class=\"elementor-custom-embed\">\n\t\t\t<iframe loading=\"lazy\"\n\t\t\t\t\tsrc=\"https:\/\/maps.google.com\/maps?q=G%C3%BCzelyurt%20Mahallesi%2C%202128.%20Sokak%20No%3A6J%2C%20Esenyurt%20%2F%20%C4%B0stanbul%2C%20T%C3%BCrkiye&#038;t=m&#038;z=13&#038;output=embed&#038;iwloc=near\"\n\t\t\t\t\ttitle=\"\u0645\u0646\u0637\u0642\u0629 \u062c\u0648\u0632\u0644\u064a\u0648\u0631\u062a\u060c 2128. \u0634\u0627\u0631\u0639 \u0631\u0642\u0645: 6J\u060c \u0627\u0633\u0646\u064a\u0648\u0631\u062a \/ \u0627\u0633\u0637\u0646\u0628\u0648\u0644\u060c \u062a\u0631\u0643\u064a\u0627\"\n\t\t\t\t\taria-label=\"\u0645\u0646\u0637\u0642\u0629 \u062c\u0648\u0632\u0644\u064a\u0648\u0631\u062a\u060c 2128. \u0634\u0627\u0631\u0639 \u0631\u0642\u0645: 6J\u060c \u0627\u0633\u0646\u064a\u0648\u0631\u062a \/ \u0627\u0633\u0637\u0646\u0628\u0648\u0644\u060c \u062a\u0631\u0643\u064a\u0627\"\n\t\t\t><\/iframe>\n\t\t<\/div>\n\t\t\t\t\t\t<\/div>\n\t\t\t\t<\/div>\n\t\t\t\t\t<\/div>\n\t\t<\/div>\n\t\t\t\t\t<\/div>\n\t\t<\/section>\n\t\t\t\t<section class=\"elementor-section elementor-top-section elementor-element elementor-element-81c615e elementor-section-boxed elementor-section-height-default elementor-section-height-default\" data-id=\"81c615e\" data-element_type=\"section\">\n\t\t\t\t\t\t<div class=\"elementor-container elementor-column-gap-default\">\n\t\t\t\t\t<div class=\"elementor-column elementor-col-100 elementor-top-column elementor-element elementor-element-1187797\" data-id=\"1187797\" data-element_type=\"column\">\n\t\t\t<div class=\"elementor-widget-wrap elementor-element-populated\">\n\t\t\t\t\t\t<div class=\"elementor-element elementor-element-f0ce027 elementor-widget elementor-widget-text-editor\" data-id=\"f0ce027\" data-element_type=\"widget\" data-widget_type=\"text-editor.default\">\n\t\t\t\t<div class=\"elementor-widget-container\">\n\t\t\t\t\t\t\t\t\t<h3>Fabrika Sat\u0131\u015f Ma\u011fazam\u0131z<\/h3>\t\t\t\t\t\t\t\t<\/div>\n\t\t\t\t<\/div>\n\t\t\t\t\t<\/div>\n\t\t<\/div>\n\t\t\t\t\t<\/div>\n\t\t<\/section>\n\t\t\t\t<section class=\"elementor-section elementor-top-section elementor-element elementor-element-d706acf elementor-section-boxed elementor-section-height-default elementor-section-height-default\" data-id=\"d706acf\" data-element_type=\"section\">\n\t\t\t\t\t\t<div class=\"elementor-container elementor-column-gap-default\">\n\t\t\t\t\t<div class=\"elementor-column elementor-col-100 elementor-top-column elementor-element elementor-element-346b4da\" data-id=\"346b4da\" data-element_type=\"column\">\n\t\t\t<div class=\"elementor-widget-wrap elementor-element-populated\">\n\t\t\t\t\t\t<div class=\"elementor-element elementor-element-b58dcbc elementor-widget elementor-widget-heading\" data-id=\"b58dcbc\" data-element_type=\"widget\" data-widget_type=\"heading.default\">\n\t\t\t\t<div class=\"elementor-widget-container\">\n\t\t\t\t\t<h6 class=\"elementor-heading-title elementor-size-default\">Address 1<\/h6>\t\t\t\t<\/div>\n\t\t\t\t<\/div>\n\t\t\t\t<div class=\"elementor-element elementor-element-9cc974b elementor-widget__width-initial elementor-widget elementor-widget-text-editor\" data-id=\"9cc974b\" data-element_type=\"widget\" data-widget_type=\"text-editor.default\">\n\t\t\t\t<div class=\"elementor-widget-container\">\n\t\t\t\t\t\t\t\t\t<div style=\"color: #161616;\">\u0645\u0646\u0637\u0642\u0629 \u062c\u0648\u0632\u0644\u064a\u0648\u0631\u062a\u060c 2128. \u0634\u0627\u0631\u0639 \u0631\u0642\u0645: 6J\u060c \u0627\u0633\u0646\u064a\u0648\u0631\u062a \/ \u0627\u0633\u0637\u0646\u0628\u0648\u0644\u060c \u062a\u0631\u0643\u064a\u0627<\/div>\n<div style=\"color: #a20401;\">+90 531 262 36 40<\/div>\n\t\t\t\t\t\t\t\t<\/div>\n\t\t\t\t<\/div>\n\t\t\t\t<div class=\"elementor-element elementor-element-f1d1191 elementor-widget-divider--view-line elementor-widget elementor-widget-divider\" data-id=\"f1d1191\" data-element_type=\"widget\" data-widget_type=\"divider.default\">\n\t\t\t\t<div class=\"elementor-widget-container\">\n\t\t\t\t\t\t\t<div class=\"elementor-divider\">\n\t\t\t<span class=\"elementor-divider-separator\">\n\t\t\t\t\t\t<\/span>\n\t\t<\/div>\n\t\t\t\t\t\t<\/div>\n\t\t\t\t<\/div>\n\t\t\t\t<div class=\"elementor-element elementor-element-1ecdffa elementor-widget__width-initial elementor-widget elementor-widget-text-editor\" data-id=\"1ecdffa\" data-element_type=\"widget\" data-widget_type=\"text-editor.default\">\n\t\t\t\t<div class=\"elementor-widget-container\">\n\t\t\t\t\t\t\t\t\t<div style=\"color: #999999;\"><strong data-start=\"43\" data-end=\"64\">Pazartesi \u2013 Cuma:<\/strong> 09:00 \u2013 20:00<br data-start=\"78\" data-end=\"81\" \/><strong data-start=\"81\" data-end=\"95\">Cumartesi:<\/strong> 11:00 \u2013 15:00<\/div>\t\t\t\t\t\t\t\t<\/div>\n\t\t\t\t<\/div>\n\t\t\t\t\t<\/div>\n\t\t<\/div>\n\t\t\t\t\t<\/div>\n\t\t<\/section>\n\t\t\t\t<section class=\"elementor-section elementor-top-section elementor-element elementor-element-d14dc47 elementor-section-boxed elementor-section-height-default elementor-section-height-default\" data-id=\"d14dc47\" data-element_type=\"section\">\n\t\t\t\t\t\t<div class=\"elementor-container elementor-column-gap-default\">\n\t\t\t\t\t<div class=\"elementor-column elementor-col-100 elementor-top-column elementor-element elementor-element-009c05c\" data-id=\"009c05c\" data-element_type=\"column\">\n\t\t\t<div class=\"elementor-widget-wrap elementor-element-populated\">\n\t\t\t\t\t\t<div class=\"elementor-element elementor-element-f798508 elementor-widget elementor-widget-text-editor\" data-id=\"f798508\" data-element_type=\"widget\" data-widget_type=\"text-editor.default\">\n\t\t\t\t<div class=\"elementor-widget-container\">\n\t\t\t\t\t\t\t\t\t<h3>Size nas\u0131l yard\u0131mc\u0131 olabiliriz?<\/h3>\t\t\t\t\t\t\t\t<\/div>\n\t\t\t\t<\/div>\n\t\t\t\t<div class=\"elementor-element elementor-element-dd1fb90 elementor-widget elementor-widget-text-editor\" data-id=\"dd1fb90\" data-element_type=\"widget\" data-widget_type=\"text-editor.default\">\n\t\t\t\t<div class=\"elementor-widget-container\">\n\t\t\t\t\t\t\t\t\t<p>Haftan\u0131n her g\u00fcn\u00fc yan\u0131n\u0131zday\u0131z!<\/p>\t\t\t\t\t\t\t\t<\/div>\n\t\t\t\t<\/div>\n\t\t\t\t\t<\/div>\n\t\t<\/div>\n\t\t\t\t\t<\/div>\n\t\t<\/section>\n\t\t\t\t<section class=\"elementor-section elementor-top-section elementor-element elementor-element-59ea5c7 elementor-section-boxed elementor-section-height-default elementor-section-height-default\" data-id=\"59ea5c7\" data-element_type=\"section\">\n\t\t\t\t\t\t<div class=\"elementor-container elementor-column-gap-default\">\n\t\t\t\t\t<div class=\"elementor-column elementor-col-100 elementor-top-column elementor-element elementor-element-e1ef329\" data-id=\"e1ef329\" data-element_type=\"column\">\n\t\t\t<div class=\"elementor-widget-wrap elementor-element-populated\">\n\t\t\t\t\t\t<div class=\"elementor-element elementor-element-2f249d2 elementor-widget elementor-widget-shortcode\" data-id=\"2f249d2\" data-element_type=\"widget\" data-widget_type=\"shortcode.default\">\n\t\t\t\t<div class=\"elementor-widget-container\">\n\t\t\t\t\t\t\t<div class=\"elementor-shortcode\">\n<div class=\"wpcf7 no-js\" id=\"wpcf7-f17-o1\" lang=\"en-US\" dir=\"ltr\" data-wpcf7-id=\"17\">\n<div class=\"screen-reader-response\"><p role=\"status\" aria-live=\"polite\" aria-atomic=\"true\"><\/p> <ul><\/ul><\/div>\n<form action=\"\/ar\/wp-json\/wp\/v2\/pages\/1613#wpcf7-f17-o1\" method=\"post\" class=\"wpcf7-form init\" aria-label=\"Contact form\" novalidate=\"novalidate\" data-status=\"init\" data-trp-original-action=\"\/ar\/wp-json\/wp\/v2\/pages\/1613#wpcf7-f17-o1\">\n<div style=\"display: none;\">\n<input type=\"hidden\" name=\"_wpcf7\" value=\"17\" \/>\n<input type=\"hidden\" name=\"_wpcf7_version\" value=\"6.0.6\" \/>\n<input type=\"hidden\" name=\"_wpcf7_locale\" value=\"en_US\" \/>\n<input type=\"hidden\" name=\"_wpcf7_unit_tag\" value=\"wpcf7-f17-o1\" \/>\n<input type=\"hidden\" name=\"_wpcf7_container_post\" value=\"0\" \/>\n<input type=\"hidden\" name=\"_wpcf7_posted_data_hash\" value=\"\" \/>\n<\/div>\n<div class=\"contact-col\">\n\t<div>\n\t\t<p><label>Name <span>*<\/span><\/label><span class=\"wpcf7-form-control-wrap\" data-name=\"text-502\"><input size=\"40\" maxlength=\"400\" class=\"wpcf7-form-control wpcf7-text wpcf7-validates-as-required input-name\" aria-required=\"true\" aria-invalid=\"false\" value=\"\" type=\"text\" name=\"text-502\" \/><\/span>\n\t\t<\/p>\n\t<\/div>\n\t<div>\n\t\t<p><label>Email <span>*<\/span><\/label><span class=\"wpcf7-form-control-wrap\" data-name=\"email-620\"><input size=\"40\" maxlength=\"400\" class=\"wpcf7-form-control wpcf7-email wpcf7-validates-as-required wpcf7-text wpcf7-validates-as-email input-email\" aria-required=\"true\" aria-invalid=\"false\" value=\"\" type=\"email\" name=\"email-620\" \/><\/span>\n\t\t<\/p>\n\t<\/div>\n\t<div>\n\t\t<p><label>Subject <span>*<\/span><\/label><span class=\"wpcf7-form-control-wrap\" data-name=\"text-56\"><input size=\"40\" maxlength=\"400\" class=\"wpcf7-form-control wpcf7-text wpcf7-validates-as-required input-subject\" aria-required=\"true\" aria-invalid=\"false\" value=\"\" type=\"text\" name=\"text-56\" \/><\/span>\n\t\t<\/p>\n\t<\/div>\n<\/div>\n<div>\n\t<p><label>Your Message <span>*<\/span><\/label><span class=\"wpcf7-form-control-wrap\" data-name=\"textarea-454\"><textarea cols=\"40\" rows=\"10\" maxlength=\"2000\" class=\"wpcf7-form-control wpcf7-textarea wpcf7-validates-as-required input-message\" aria-required=\"true\" aria-invalid=\"false\" name=\"textarea-454\"><\/textarea><\/span>\n\t<\/p>\n<\/div>\n<p><input class=\"wpcf7-form-control wpcf7-submit has-spinner\" type=\"submit\" value=\"SEND QUESTION\" \/>\n<\/p><p style=\"display: none !important;\" class=\"akismet-fields-container\" data-prefix=\"_wpcf7_ak_\"><label>&#916;<textarea name=\"_wpcf7_ak_hp_textarea\" cols=\"45\" rows=\"8\" maxlength=\"100\"><\/textarea><\/label><input type=\"hidden\" id=\"ak_js_1\" name=\"_wpcf7_ak_js\" value=\"133\"\/><script>document.getElementById( \"ak_js_1\" ).setAttribute( \"value\", ( new Date() ).getTime() );<\/script><\/p><div class=\"wpcf7-response-output\" aria-hidden=\"true\"><\/div>\n<input type=\"hidden\" name=\"trp-form-language\" value=\"ar\"\/><\/form>\n<\/div>\n<\/div>\n\t\t\t\t\t\t<\/div>\n\t\t\t\t<\/div>\n\t\t\t\t\t<\/div>\n\t\t<\/div>\n\t\t\t\t\t<\/div>\n\t\t<\/section>\n\t\t\t\t<\/div>","protected":false},"excerpt":{"rendered":"<p>Fabrika Sat\u0131\u015f Ma\u011fazam\u0131z Address 1 G\u00fczelyurt Mahallesi, 2128. Sokak No:6J, Esenyurt \/ \u0130stanbul, T\u00fcrkiye +90 531 262 36 40 Pazartesi \u2013 Cuma: 09:00 \u2013 20:00Cumartesi: 11:00 \u2013 15:00 Size nas\u0131l yard\u0131mc\u0131 olabiliriz? Haftan\u0131n her g\u00fcn\u00fc yan\u0131n\u0131zday\u0131z!<\/p>","protected":false},"author":1,"featured_media":0,"parent":0,"menu_order":0,"comment_status":"closed","ping_status":"closed","template":"","meta":{"footnotes":""},"class_list":["post-1613","page","type-page","status-publish","hentry"],"_links":{"self":[{"href":"https:\/\/www.yuyamobilya.com\/ar\/wp-json\/wp\/v2\/pages\/1613","targetHints":{"allow":["GET"]}}],"collection":[{"href":"https:\/\/www.yuyamobilya.com\/ar\/wp-json\/wp\/v2\/pages"}],"about":[{"href":"https:\/\/www.yuyamobilya.com\/ar\/wp-json\/wp\/v2\/types\/page"}],"author":[{"embeddable":true,"href":"https:\/\/www.yuyamobilya.com\/ar\/wp-json\/wp\/v2\/users\/1"}],"replies":[{"embeddable":true,"href":"https:\/\/www.yuyamobilya.com\/ar\/wp-json\/wp\/v2\/comments?post=1613"}],"version-history":[{"count":4,"href":"https:\/\/www.yuyamobilya.com\/ar\/wp-json\/wp\/v2\/pages\/1613\/revisions"}],"predecessor-version":[{"id":20009,"href":"https:\/\/www.yuyamobilya.com\/ar\/wp-json\/wp\/v2\/pages\/1613\/revisions\/20009"}],"wp:attachment":[{"href":"https:\/\/www.yuyamobilya.com\/ar\/wp-json\/wp\/v2\/media?parent=1613"}],"curies":[{"name":"wp","href":"https:\/\/api.w.org\/{rel}","templated":true}]}}